{"id":773,"date":"2022-05-01T13:29:00","date_gmt":"2022-05-01T13:29:00","guid":{"rendered":"https:\/\/sandbox.escueladoblajealicante.com\/?post_type=product&#038;p=773"},"modified":"2024-09-19T10:36:03","modified_gmt":"2024-09-19T10:36:03","slug":"taller-doblaje-documentales-y-docurealities-may-2022","status":"publish","type":"product","link":"https:\/\/www.escueladoblajealicante.com\/en\/cursos\/taller-doblaje-documentales-y-docurealities-may-2022\/","title":{"rendered":"Taller Doblaje Documentales y Docurealities may 2022"},"content":{"rendered":"<p style=\"text-align: justify;\"><strong>Competencias a desarrollar:<\/strong><\/p>\n<p style=\"text-align: justify;\">Teor\u00eda:<\/p>\n<ul style=\"text-align: justify;\">\n<li>Filosof\u00eda del doblaje de documentales y telerealidad.<\/li>\n<li>El lenguaje en la vida diaria.<\/li>\n<li>An\u00e1lisis del texto.<\/li>\n<li>Pausas, velocidad, ritmo y retenciones.<\/li>\n<li>Tono, entonaci\u00f3n e inflexiones.<\/li>\n<\/ul>\n<p style=\"text-align: justify;\">Pr\u00e1ctica:<\/p>\n<ul style=\"text-align: justify;\">\n<li>Interpretaci\u00f3n de diferentes takes (unidades de doblaje) pertenecientes a diferentes estilos de documentales.<\/li>\n<li>Iniciaci\u00f3n al ajuste de guiones y c\u00f3digos de tiempo.<\/li>\n<\/ul>\n<p style=\"text-align: justify;\">Evaluaci\u00f3n: continua, con atenci\u00f3n personalizada a las caracter\u00edsticas de cada alumno.<\/p>","protected":false},"excerpt":{"rendered":"<p style=\"text-align: justify;\">La Escuela de Doblaje de Alicante te acerca al mundo del doblaje de documentales y docurealities de la mano del actor de doblaje y locutor publicitario,\u00a0<a href=\"https:\/\/www.escueladoblajealicante.com\/en\/teacher\/juan-francisco-corredera\/\">Juan Francisco Corredera<\/a>.<\/p>\n<p style=\"text-align: justify;\">Desde hace unos a\u00f1os los docurealities se han popularizado en todo el mundo y cada vez son m\u00e1s numerosos en nuestras cadenas de TV. Estos documentales son una mezcla de documental y tele realidad que nos acercan historias y momentos que nos entretienen, enganchan y que consiguen grandes datos de audiencia.<\/p>\n<p style=\"text-align: justify;\">Hay cientos de ellos, desde casas de empe\u00f1os, reformas, casos m\u00e9dicos, policiales, comida, programas de televisi\u00f3n que crean un alto poder de atracci\u00f3n, creando la necesidad de saber c\u00f3mo acabar\u00e1 todo. Este tipo de programas conllevan un particular estilo de doblaje y cada vez tienen m\u00e1s demanda entre los profesionales del sector.<\/p>\n<p style=\"text-align: justify;\">Si quieres iniciarte en el doblaje de documentales y docurealities con un profesional de la materia, ap\u00fantate a este nuevo taller de EDA.<\/p>\n<h3 style=\"text-align: justify;\"><strong>Objetivo del Taller de Doblaje de Documentales y Docurealities:<\/strong><\/h3>\n<ul>\n<li style=\"text-align: justify;\">Iniciaci\u00f3n en las t\u00e9cnicas del doblaje de documentales.<\/li>\n<li style=\"text-align: justify;\">Evaluar las capacidades de cada alumno y su potenciaci\u00f3n o rectificaci\u00f3n.<\/li>\n<li style=\"text-align: justify;\">Formaci\u00f3n art\u00edstica aplicada.<\/li>\n<li style=\"text-align: justify;\">Conocimientos te\u00f3ricos, pr\u00e1cticos y protocolos de sala.<\/li>\n<li style=\"text-align: justify;\">B\u00fasqueda de registros con diferentes tipos de series y docurealities.<\/li>\n<li style=\"text-align: justify;\">B\u00fasqueda en el actor el sonido natural, cre\u00edble y con sentido, buscar los registros adecuados y expresar las emociones.<\/li>\n<\/ul>","protected":false},"featured_media":774,"comment_status":"open","ping_status":"closed","template":"","meta":{"_acf_changed":false,"inline_featured_image":false},"product_brand":[],"product_cat":[15],"product_tag":[],"class_list":{"0":"post-773","1":"product","2":"type-product","3":"status-publish","4":"has-post-thumbnail","6":"product_cat-doblaje","8":"first","9":"outofstock","10":"sold-individually","11":"taxable","12":"shipping-taxable","13":"purchasable","14":"product-type-simple"},"acf":[],"_links":{"self":[{"href":"https:\/\/www.escueladoblajealicante.com\/en\/wp-json\/wp\/v2\/product\/773","targetHints":{"allow":["GET"]}}],"collection":[{"href":"https:\/\/www.escueladoblajealicante.com\/en\/wp-json\/wp\/v2\/product"}],"about":[{"href":"https:\/\/www.escueladoblajealicante.com\/en\/wp-json\/wp\/v2\/types\/product"}],"replies":[{"embeddable":true,"href":"https:\/\/www.escueladoblajealicante.com\/en\/wp-json\/wp\/v2\/comments?post=773"}],"version-history":[{"count":1,"href":"https:\/\/www.escueladoblajealicante.com\/en\/wp-json\/wp\/v2\/product\/773\/revisions"}],"predecessor-version":[{"id":1047,"href":"https:\/\/www.escueladoblajealicante.com\/en\/wp-json\/wp\/v2\/product\/773\/revisions\/1047"}],"wp:featuredmedia":[{"embeddable":true,"href":"https:\/\/www.escueladoblajealicante.com\/en\/wp-json\/wp\/v2\/media\/774"}],"wp:attachment":[{"href":"https:\/\/www.escueladoblajealicante.com\/en\/wp-json\/wp\/v2\/media?parent=773"}],"wp:term":[{"taxonomy":"product_brand","embeddable":true,"href":"https:\/\/www.escueladoblajealicante.com\/en\/wp-json\/wp\/v2\/product_brand?post=773"},{"taxonomy":"product_cat","embeddable":true,"href":"https:\/\/www.escueladoblajealicante.com\/en\/wp-json\/wp\/v2\/product_cat?post=773"},{"taxonomy":"product_tag","embeddable":true,"href":"https:\/\/www.escueladoblajealicante.com\/en\/wp-json\/wp\/v2\/product_tag?post=773"}],"curies":[{"name":"wp","href":"https:\/\/api.w.org\/{rel}","templated":true}]}}