{"id":770,"date":"2022-09-01T13:02:40","date_gmt":"2022-09-01T13:02:40","guid":{"rendered":"https:\/\/sandbox.escueladoblajealicante.com\/?post_type=product&#038;p=770"},"modified":"2024-09-19T10:36:29","modified_gmt":"2024-09-19T10:36:29","slug":"taller-de-iniciacion-al-doblaje-de-septiembre-2022","status":"publish","type":"product","link":"https:\/\/www.escueladoblajealicante.com\/en\/cursos\/taller-de-iniciacion-al-doblaje-de-septiembre-2022\/","title":{"rendered":"Taller de iniciaci\u00f3n al doblaje de septiembre 2022"},"content":{"rendered":"","protected":false},"excerpt":{"rendered":"<p style=\"text-align: justify;\">Un a\u00f1o m\u00e1s, tendremos la oportunidad de mostraros el mundo de doblaje a trav\u00e9s del\u00a0<strong>taller de iniciaci\u00f3n al doblaje de septiembre<\/strong>.<\/p>\n<p style=\"text-align: justify;\">Para todos aquellos que est\u00e1is interesados en el mundo del doblaje y alguna vez hab\u00e9is interpretado escenas de vuestras pel\u00edculas favoritas en boca de los propios actores y actrices, esta es vuestra oportunidad de formaros con aut\u00e9nticos profesionales del sector.<\/p>\n<p style=\"text-align: justify;\">El\u00a0<strong>taller de iniciaci\u00f3n al doblaje<\/strong>\u00a0tendr\u00e1 una duraci\u00f3n de 14\u20195h repartidas en 2 s\u00e1bados consecutivos. Adem\u00e1s este a\u00f1o\u00a0<strong>te llevas de regalo<\/strong>\u00a0al matricularte\u00a0<strong>un descuento del 10%<\/strong>\u00a0para el pr\u00f3ximo curso o taller al que te apuntes con nosotros.<\/p>\n<p style=\"text-align: justify;\">Durante este taller aprender\u00e1s los fundamentos b\u00e1sicos del doblaje con pr\u00e1cticas continuas delante del atril y nuestra pantalla de cine. Estar\u00e1s en todo momento formado y dirigido por actores y directores de doblaje en activo que conseguir\u00e1n sacar lo mejor de ti y que te permitir\u00e1 iniciarte en la profesi\u00f3n de actor o actriz de doblaje.\u00a0<a href=\"https:\/\/www.escueladoblajealicante.com\/en\/teacher\/raquel-cubillo\/\">Raquel Cubillo<\/a>\u00a0y\u00a0<a href=\"https:\/\/www.escueladoblajealicante.com\/en\/teacher\/chema-bazan\/\">Chema Baz\u00e1n<\/a>, ser\u00e1n los encargados de acompa\u00f1aros en esta experiencia.<\/p>\n<p style=\"text-align: justify;\">\u00bfTe imaginas escuchar tu voz en esa escena de la serie que tanto has visto o de esa pel\u00edcula m\u00edtica?<\/p>\n<p style=\"text-align: justify;\">Esta es tu oportunidad de empezar con excelentes profesionales y profesores de reconocido prestigio dentro del sector.<\/p>","protected":false},"featured_media":771,"comment_status":"open","ping_status":"closed","template":"","meta":{"_acf_changed":false,"inline_featured_image":false},"product_brand":[],"product_cat":[15],"product_tag":[],"class_list":{"0":"post-770","1":"product","2":"type-product","3":"status-publish","4":"has-post-thumbnail","6":"product_cat-doblaje","8":"first","9":"outofstock","10":"sold-individually","11":"taxable","12":"shipping-taxable","13":"purchasable","14":"product-type-simple"},"acf":[],"_links":{"self":[{"href":"https:\/\/www.escueladoblajealicante.com\/en\/wp-json\/wp\/v2\/product\/770","targetHints":{"allow":["GET"]}}],"collection":[{"href":"https:\/\/www.escueladoblajealicante.com\/en\/wp-json\/wp\/v2\/product"}],"about":[{"href":"https:\/\/www.escueladoblajealicante.com\/en\/wp-json\/wp\/v2\/types\/product"}],"replies":[{"embeddable":true,"href":"https:\/\/www.escueladoblajealicante.com\/en\/wp-json\/wp\/v2\/comments?post=770"}],"version-history":[{"count":1,"href":"https:\/\/www.escueladoblajealicante.com\/en\/wp-json\/wp\/v2\/product\/770\/revisions"}],"predecessor-version":[{"id":775,"href":"https:\/\/www.escueladoblajealicante.com\/en\/wp-json\/wp\/v2\/product\/770\/revisions\/775"}],"wp:featuredmedia":[{"embeddable":true,"href":"https:\/\/www.escueladoblajealicante.com\/en\/wp-json\/wp\/v2\/media\/771"}],"wp:attachment":[{"href":"https:\/\/www.escueladoblajealicante.com\/en\/wp-json\/wp\/v2\/media?parent=770"}],"wp:term":[{"taxonomy":"product_brand","embeddable":true,"href":"https:\/\/www.escueladoblajealicante.com\/en\/wp-json\/wp\/v2\/product_brand?post=770"},{"taxonomy":"product_cat","embeddable":true,"href":"https:\/\/www.escueladoblajealicante.com\/en\/wp-json\/wp\/v2\/product_cat?post=770"},{"taxonomy":"product_tag","embeddable":true,"href":"https:\/\/www.escueladoblajealicante.com\/en\/wp-json\/wp\/v2\/product_tag?post=770"}],"curies":[{"name":"wp","href":"https:\/\/api.w.org\/{rel}","templated":true}]}}