{"id":18233,"date":"2026-02-02T14:32:27","date_gmt":"2026-02-02T12:32:27","guid":{"rendered":"https:\/\/www.escueladoblajealicante.com\/?post_type=product&#038;p=18233"},"modified":"2026-04-29T09:50:52","modified_gmt":"2026-04-29T07:50:52","slug":"taller-de-interpretacion-para-el-actor-de-voz","status":"publish","type":"product","link":"https:\/\/www.escueladoblajealicante.com\/en\/cursos\/taller-de-interpretacion-para-el-actor-de-voz\/","title":{"rendered":"Taller de Interpretaci\u00f3n para el actor de voz"},"content":{"rendered":"<h3><strong>Este taller te ayudar\u00e1 a:<\/strong><\/h3>\n<ul>\n<li>Entender qu\u00e9 est\u00e1s diciendo y por qu\u00e9 lo dices.<\/li>\n<li>Anticiparte al texto para interpretarlo con naturalidad.<\/li>\n<li>Utilizar la voz como una herramienta expresiva completa, no solo como un medio de lectura.<\/li>\n<\/ul>\n<p>La interpretaci\u00f3n no se improvisa: se construye desde el conocimiento de la voz, el texto y el personaje.<\/p>\n<h3><strong>Objetivos del curso<\/strong><\/h3>\n<p>Al finalizar el taller, el alumno habr\u00e1 trabajado para:<\/p>\n<ul>\n<li>Adquirir una buena pronunciaci\u00f3n.<\/li>\n<li>Conseguir una correcta comprensi\u00f3n de los textos.<\/li>\n<li>Dominar la lectura anticipada, fundamental en doblaje.<\/li>\n<li>Desarrollar la interpretaci\u00f3n utilizando la voz como herramienta principal.<\/li>\n<\/ul>\n<h3><strong>Contenidos del curso<\/strong><\/h3>\n<p><em>&#8211; Conocimiento del instrumento vocal<\/em><\/p>\n<ul>\n<li>Respiraci\u00f3n<\/li>\n<li>Resonancia<\/li>\n<li>Articulaci\u00f3n<\/li>\n<li>Calentamiento vocal<\/li>\n<li>Coordinaci\u00f3n fono-respiratoria<\/li>\n<li>Impostaci\u00f3n y conocimiento de la voz<\/li>\n<\/ul>\n<p><em>&#8211; Par\u00e1metros de la voz<\/em><\/p>\n<ul>\n<li>Intensidad<\/li>\n<li>Tono<\/li>\n<li>Timbre<\/li>\n<li>Duraci\u00f3n<\/li>\n<\/ul>\n<p><em>&#8211; Interpretaci\u00f3n aplicada al doblaje<\/em><\/p>\n<ul>\n<li>Creaci\u00f3n de personajes<\/li>\n<li>Trabajo de escenas<\/li>\n<\/ul>\n<p>&nbsp;<\/p>\n<p>Este curso sienta las bases interpretativas necesarias para afrontar el doblaje con criterio, conciencia vocal y fidelidad art\u00edstica.<br \/>\nUna formaci\u00f3n clave para quienes quieren avanzar entendiendo que doblar no es leer, sino interpretar con la voz y una base imprescindible para el actor de doblaje.<\/p>","protected":false},"excerpt":{"rendered":"<p>Este taller est\u00e1 dise\u00f1ado para actores de doblaje en formaci\u00f3n que buscan sentirse actores desde la voz, entender el texto en profundidad y trasladar con fidelidad art\u00edstica la interpretaci\u00f3n del actor original a su propio idioma. Se trata de un taller pr\u00e1ctico y estructurado que trabaja la voz como herramienta interpretativa, poniendo el foco en la comprensi\u00f3n, la lectura y la construcci\u00f3n de personajes.<\/p>\n<h3><strong>Este curso est\u00e1 pensado para personas que:<\/strong><\/h3>\n<ul>\n<li>Quieren sentirse actores, con o sin experiencia interpretativa previa.<\/li>\n<li>Tienen una dicci\u00f3n sin defectos dif\u00edcilmente corregibles.<\/li>\n<li>Han adquirido un nivel cultural b\u00e1sico que les permite analizar y comprender textos en relaci\u00f3n con su expresi\u00f3n verbal.<\/li>\n<\/ul>\n<p>No es un curso te\u00f3rico, sino una base imprescindible para quienes quieren avanzar con solidez en el doblaje.<\/p>\n<h3><strong>\u00bfPor qu\u00e9 realizar este curso?<\/strong><\/h3>\n<p>La finalidad del actor de doblaje es clara: crear la apariencia de que el actor original se expresa verbalmente en nuestro idioma, reproduciendo con fidelidad art\u00edstica el personaje que \u00e9l ha creado.<\/p>\n<blockquote>\n<h3>\u00abLa interpretaci\u00f3n es el n\u00facleo del doblaje\u00bb<\/h3>\n<\/blockquote>","protected":false},"featured_media":18237,"comment_status":"open","ping_status":"closed","template":"","meta":{"_acf_changed":false,"inline_featured_image":false},"product_brand":[],"product_cat":[32],"product_tag":[],"class_list":{"0":"post-18233","1":"product","2":"type-product","3":"status-publish","4":"has-post-thumbnail","6":"product_cat-interpretacion","8":"first","9":"instock","10":"sold-individually","11":"taxable","12":"shipping-taxable","13":"purchasable","14":"product-type-variable"},"acf":[],"_links":{"self":[{"href":"https:\/\/www.escueladoblajealicante.com\/en\/wp-json\/wp\/v2\/product\/18233","targetHints":{"allow":["GET"]}}],"collection":[{"href":"https:\/\/www.escueladoblajealicante.com\/en\/wp-json\/wp\/v2\/product"}],"about":[{"href":"https:\/\/www.escueladoblajealicante.com\/en\/wp-json\/wp\/v2\/types\/product"}],"replies":[{"embeddable":true,"href":"https:\/\/www.escueladoblajealicante.com\/en\/wp-json\/wp\/v2\/comments?post=18233"}],"version-history":[{"count":4,"href":"https:\/\/www.escueladoblajealicante.com\/en\/wp-json\/wp\/v2\/product\/18233\/revisions"}],"predecessor-version":[{"id":18270,"href":"https:\/\/www.escueladoblajealicante.com\/en\/wp-json\/wp\/v2\/product\/18233\/revisions\/18270"}],"wp:featuredmedia":[{"embeddable":true,"href":"https:\/\/www.escueladoblajealicante.com\/en\/wp-json\/wp\/v2\/media\/18237"}],"wp:attachment":[{"href":"https:\/\/www.escueladoblajealicante.com\/en\/wp-json\/wp\/v2\/media?parent=18233"}],"wp:term":[{"taxonomy":"product_brand","embeddable":true,"href":"https:\/\/www.escueladoblajealicante.com\/en\/wp-json\/wp\/v2\/product_brand?post=18233"},{"taxonomy":"product_cat","embeddable":true,"href":"https:\/\/www.escueladoblajealicante.com\/en\/wp-json\/wp\/v2\/product_cat?post=18233"},{"taxonomy":"product_tag","embeddable":true,"href":"https:\/\/www.escueladoblajealicante.com\/en\/wp-json\/wp\/v2\/product_tag?post=18233"}],"curies":[{"name":"wp","href":"https:\/\/api.w.org\/{rel}","templated":true}]}}