{"id":17863,"date":"2025-05-14T07:54:02","date_gmt":"2025-05-14T07:54:02","guid":{"rendered":"https:\/\/www.escueladoblajealicante.com\/?post_type=product&#038;p=17863"},"modified":"2025-07-17T08:01:13","modified_gmt":"2025-07-17T08:01:13","slug":"taller-de-doblaje-anime-julio-2025","status":"publish","type":"product","link":"https:\/\/www.escueladoblajealicante.com\/en\/cursos\/taller-de-doblaje-anime-julio-2025\/","title":{"rendered":"Taller de Doblaje Anime &#8211; Julio 2025"},"content":{"rendered":"","protected":false},"excerpt":{"rendered":"<p class=\"\" style=\"text-align: justify;\" data-start=\"255\" data-end=\"548\">Sum\u00e9rgete en el fascinante mundo del doblaje de anime con este taller intensivo de 10 horas repartidas en 2 s\u00e1bados. Dise\u00f1ado espec\u00edficamente para alumnos con formaci\u00f3n previa en doblaje, este curso te permitir\u00e1 explorar a fondo una de las disciplinas m\u00e1s exigentes y estimulantes del sector.<\/p>\n<p class=\"\" style=\"text-align: justify;\" data-start=\"550\" data-end=\"973\">El doblaje de anime no solo requiere precisi\u00f3n t\u00e9cnica, sino tambi\u00e9n una gran capacidad interpretativa. Los personajes de animaci\u00f3n japonesa est\u00e1n cargados de emociones extremas, matices culturales y un estilo \u00fanico que desaf\u00eda constantemente al actor o actriz de voz.<\/p>\n<p class=\"\" style=\"text-align: justify;\" data-start=\"550\" data-end=\"973\">Durante el taller, trabajar\u00e1s con escenas reales extra\u00eddas de animes reconocidos, y aprender\u00e1s a adaptarte a los c\u00f3digos expresivos del anime, manejar el ritmo vertiginoso de sus escenas y encontrar la verdad interpretativa en cada frase,\u00a0abordando aspectos fundamentales como la sincron\u00eda labial, el tempo, la intenci\u00f3n y la coherencia emocional del personaje.<\/p>\n<p class=\"\" style=\"text-align: justify;\" data-start=\"550\" data-end=\"973\">Todo ello bajo la gu\u00eda de 2 profesionales del doblaje con experiencia real en este g\u00e9nero tan particular dentro del mundo del doblaje: <a href=\"https:\/\/www.escueladoblajealicante.com\/en\/cristian-gambin\/\">Cristian Gamb\u00edn<\/a> y <a href=\"https:\/\/www.escueladoblajealicante.com\/en\/jose-luis-riquelme\/\">Jose Luis Riquelme<\/a>.<\/p>\n<p class=\"\" style=\"text-align: justify;\" data-start=\"1298\" data-end=\"1454\">Si buscas llevar tu formaci\u00f3n un paso m\u00e1s all\u00e1 y enfrentarte a uno de los mayores retos interpretativos de la locuci\u00f3n y el doblaje, este taller es para ti.<\/p>","protected":false},"featured_media":17466,"comment_status":"open","ping_status":"closed","template":"","meta":{"_acf_changed":false,"inline_featured_image":false},"product_brand":[],"product_cat":[15],"product_tag":[],"class_list":{"0":"post-17863","1":"product","2":"type-product","3":"status-publish","4":"has-post-thumbnail","6":"product_cat-doblaje","8":"first","9":"outofstock","10":"sold-individually","11":"taxable","12":"shipping-taxable","13":"purchasable","14":"product-type-variable"},"acf":[],"_links":{"self":[{"href":"https:\/\/www.escueladoblajealicante.com\/en\/wp-json\/wp\/v2\/product\/17863","targetHints":{"allow":["GET"]}}],"collection":[{"href":"https:\/\/www.escueladoblajealicante.com\/en\/wp-json\/wp\/v2\/product"}],"about":[{"href":"https:\/\/www.escueladoblajealicante.com\/en\/wp-json\/wp\/v2\/types\/product"}],"replies":[{"embeddable":true,"href":"https:\/\/www.escueladoblajealicante.com\/en\/wp-json\/wp\/v2\/comments?post=17863"}],"version-history":[{"count":8,"href":"https:\/\/www.escueladoblajealicante.com\/en\/wp-json\/wp\/v2\/product\/17863\/revisions"}],"predecessor-version":[{"id":18033,"href":"https:\/\/www.escueladoblajealicante.com\/en\/wp-json\/wp\/v2\/product\/17863\/revisions\/18033"}],"wp:featuredmedia":[{"embeddable":true,"href":"https:\/\/www.escueladoblajealicante.com\/en\/wp-json\/wp\/v2\/media\/17466"}],"wp:attachment":[{"href":"https:\/\/www.escueladoblajealicante.com\/en\/wp-json\/wp\/v2\/media?parent=17863"}],"wp:term":[{"taxonomy":"product_brand","embeddable":true,"href":"https:\/\/www.escueladoblajealicante.com\/en\/wp-json\/wp\/v2\/product_brand?post=17863"},{"taxonomy":"product_cat","embeddable":true,"href":"https:\/\/www.escueladoblajealicante.com\/en\/wp-json\/wp\/v2\/product_cat?post=17863"},{"taxonomy":"product_tag","embeddable":true,"href":"https:\/\/www.escueladoblajealicante.com\/en\/wp-json\/wp\/v2\/product_tag?post=17863"}],"curies":[{"name":"wp","href":"https:\/\/api.w.org\/{rel}","templated":true}]}}