{"id":17600,"date":"2025-01-23T16:28:09","date_gmt":"2025-01-23T16:28:09","guid":{"rendered":"https:\/\/www.escueladoblajealicante.com\/?post_type=product&#038;p=17600"},"modified":"2025-02-11T09:53:09","modified_gmt":"2025-02-11T09:53:09","slug":"tarjeta-regalo","status":"publish","type":"product","link":"https:\/\/www.escueladoblajealicante.com\/en\/cursos\/tarjeta-regalo\/","title":{"rendered":"Tarjeta Regalo EDA"},"content":{"rendered":"","protected":false},"excerpt":{"rendered":"<p>\u00bfHay algo m\u00e1s especial que ayudar a cumplir un sue\u00f1o?<\/p>\n<p>Con las tarjetas de regalo de EDA, tienes la oportunidad de obsequiar mucho m\u00e1s que un curso: regalas la posibilidad de vivir una experiencia \u00fanica, de dar el primer paso hacia una pasi\u00f3n o de perfeccionar un talento que merece brillar.<\/p>\n<p>Ya sea para esa persona que siempre imita voces frente al espejo, que ama el mundo del cine y las series o que simplemente busca una nueva aventura, nuestras tarjetas son la puerta a un mundo lleno de creatividad y emociones.<\/p>\n<p>Sorprende a tus amigos, familiares o parejas con algo diferente, algo que realmente deja huella. Nuestras tarjetas de regalo no solo dicen \u201cte conozco\u201d o \u201ccreo en ti,\u201d sino tambi\u00e9n \u201cquiero que cumplas tus sue\u00f1os.\u201d<\/p>\n<p>Elige el importe que deseas regalar y haz que ese \u00abalg\u00fan d\u00eda\u00bb sea hoy.<\/p>\n<p>\u00a1C\u00f3mprala ahora y regala la emoci\u00f3n de dar un paso hacia el futuro!<\/p>\n<p>&nbsp;<\/p>\n<p>\u00bfC\u00f3mo funciona?<br \/>\nEs muy f\u00e1cil:<\/p>\n<ul>\n<li>Elige el importe*<\/li>\n<li>Personaliza tu tarjeta con un mensaje especial en la nota del pedido.<\/li>\n<li>Te haremos llegar un pdf, con un c\u00f3digo y tu mensaje, para canjear el importe regalado en cualquiera de los cursos de EDA.<\/li>\n<\/ul>\n<p>&nbsp;<\/p>\n<p>*El importe de la tarjeta regalo no podr\u00e1 ser reembolsado y deber\u00e1 ser utilizado en su totalidad en la web de EDA.<\/p>","protected":false},"featured_media":17665,"comment_status":"closed","ping_status":"closed","template":"","meta":{"_acf_changed":false,"inline_featured_image":false},"product_brand":[],"product_cat":[15,32,28],"product_tag":[],"class_list":{"0":"post-17600","1":"product","2":"type-product","3":"status-publish","4":"has-post-thumbnail","6":"product_cat-doblaje","7":"product_cat-interpretacion","8":"product_cat-locucion","10":"first","11":"instock","12":"sold-individually","13":"taxable","14":"shipping-taxable","15":"purchasable","16":"product-type-variable"},"acf":[],"_links":{"self":[{"href":"https:\/\/www.escueladoblajealicante.com\/en\/wp-json\/wp\/v2\/product\/17600","targetHints":{"allow":["GET"]}}],"collection":[{"href":"https:\/\/www.escueladoblajealicante.com\/en\/wp-json\/wp\/v2\/product"}],"about":[{"href":"https:\/\/www.escueladoblajealicante.com\/en\/wp-json\/wp\/v2\/types\/product"}],"replies":[{"embeddable":true,"href":"https:\/\/www.escueladoblajealicante.com\/en\/wp-json\/wp\/v2\/comments?post=17600"}],"version-history":[{"count":10,"href":"https:\/\/www.escueladoblajealicante.com\/en\/wp-json\/wp\/v2\/product\/17600\/revisions"}],"predecessor-version":[{"id":17671,"href":"https:\/\/www.escueladoblajealicante.com\/en\/wp-json\/wp\/v2\/product\/17600\/revisions\/17671"}],"wp:featuredmedia":[{"embeddable":true,"href":"https:\/\/www.escueladoblajealicante.com\/en\/wp-json\/wp\/v2\/media\/17665"}],"wp:attachment":[{"href":"https:\/\/www.escueladoblajealicante.com\/en\/wp-json\/wp\/v2\/media?parent=17600"}],"wp:term":[{"taxonomy":"product_brand","embeddable":true,"href":"https:\/\/www.escueladoblajealicante.com\/en\/wp-json\/wp\/v2\/product_brand?post=17600"},{"taxonomy":"product_cat","embeddable":true,"href":"https:\/\/www.escueladoblajealicante.com\/en\/wp-json\/wp\/v2\/product_cat?post=17600"},{"taxonomy":"product_tag","embeddable":true,"href":"https:\/\/www.escueladoblajealicante.com\/en\/wp-json\/wp\/v2\/product_tag?post=17600"}],"curies":[{"name":"wp","href":"https:\/\/api.w.org\/{rel}","templated":true}]}}