{"id":17553,"date":"2025-01-10T11:58:14","date_gmt":"2025-01-10T11:58:14","guid":{"rendered":"https:\/\/www.escueladoblajealicante.com\/?post_type=product&#038;p=17553"},"modified":"2025-03-04T13:41:38","modified_gmt":"2025-03-04T13:41:38","slug":"curso-monologos-marzo-2025","status":"publish","type":"product","link":"https:\/\/www.escueladoblajealicante.com\/en\/cursos\/curso-monologos-marzo-2025\/","title":{"rendered":"Curso Mon\u00f3logos Marzo 2025"},"content":{"rendered":"<h4>CONTENIDO DEL CURSO DE MON\u00d3LOGOS<\/h4>\n<p><strong>Clases<\/strong>: 4<br \/>\n<strong>Duraci\u00f3n de la clase<\/strong>: 4H.<br \/>\n<strong>Horas del m\u00f3dulo<\/strong>: 16H<br \/>\n<strong>Horario<\/strong>: 09:30-13:45<br \/>\n<strong>Precio<\/strong>: 180\u20ac (Posibilidad de fraccionar el pago en 50% para reserva y 50% antes del 15 de marzo)<br \/>\n<strong>Fechas<\/strong>: S\u00e1bados del 8 al 29 de marzo de 2025<\/p>\n<p>&nbsp;<\/p>\n<h4>PROGRAMA Y ESTRUCTURA DEL CURSO<\/h4>\n<p><span style=\"font-weight: 400;\">Se trata de un taller eminentemente pr\u00e1ctico en el que se utilizar\u00e1n herramientas del mundo art\u00edstico como son la improvisaci\u00f3n, el juego teatral, lenguaje no verbal, etc\u00e9tera.<\/span><\/p>\n<ol>\n<li style=\"list-style-type: none;\">\n<ol>\n<li><span style=\"font-weight: 400;\">Punto de partida, tema y subtemas.<\/span><\/li>\n<li><span style=\"font-weight: 400;\">Del texto al escenario, del miedo a la certeza. Premisa y remate.<\/span><\/li>\n<li><span style=\"font-weight: 400;\">Juegos de improvisaci\u00f3n. La risa y sus efectos.<\/span><\/li>\n<li><span style=\"font-weight: 400;\">Si no puedes ser original, ve al origen. La impronta personal.<\/span><\/li>\n<li><span style=\"font-weight: 400;\">El c\u00f3mico y el p\u00fablico, reconocer a quien me dirijo. Los \u201checklers\u201d p\u00fablico en contra y su manejo.<\/span><\/li>\n<li><span style=\"font-weight: 400;\">La importancia de la voz. Fonaci\u00f3n, dicci\u00f3n, proyecci\u00f3n. Si no me entiendes, no te r\u00edes.<\/span><\/li>\n<li><span style=\"font-weight: 400;\">Apropiarnos del mon\u00f3logo, seguridad y sinceridad esc\u00e9nica.<\/span><\/li>\n<li><span style=\"font-weight: 400;\">El mon\u00f3logo frente al chiste, comunicar de manera natural.<\/span><\/li>\n<li><span style=\"font-weight: 400;\">Diversos tipos de humor\u2026<\/span><\/li>\n<li><span style=\"font-weight: 400;\"> Pr\u00e1ctica comentada cr\u00edticamente. Cada participante que lo desee, crear\u00e1 y aprender\u00e1 con soltura, un mon\u00f3logo de humor, con una duraci\u00f3n de entre tres y cinco minutos que ser\u00e1 comentado por todos.<\/span><\/li>\n<\/ol>\n<\/li>\n<\/ol>","protected":false},"excerpt":{"rendered":"<p>\u00bfC\u00f3mo se hace un mon\u00f3logo? \u00bfC\u00f3mo se hace un monologuista?<\/p>\n<p>La comedia es un arte y como tal requiere pr\u00e1ctica y horas de ensayo. Adem\u00e1s, los temas de la actualidad permiten \u201csacar punta\u201d a las cuestiones que nos rodean y darle un toque ir\u00f3nico y divertido que compartir con el p\u00fablico al que va dirigido.<\/p>\n<p>En este curso, te adentrar\u00e1s en el arte de la comedia, explorando c\u00f3mo transformar los temas cotidianos en historias llenas de iron\u00eda y diversi\u00f3n para conectar con el p\u00fablico.<\/p>\n<p>A lo largo del curso, te ayudaremos a descubrir y desarrollar tu vis c\u00f3mica, esa chispa humor\u00edstica que todos llevamos dentro, mientras fomentamos tu creatividad de manera natural y din\u00e1mica. Con un enfoque <span style=\"font-weight: 400;\">eminentemente<\/span> pr\u00e1ctico y cercano, cada sesi\u00f3n se inicia <span style=\"font-weight: 400;\">con juegos grupales y divertidos para distender y facilitar el tema de cada una de ellas, con una atenci\u00f3n personalizada a cada uno de los participantes para as\u00ed poder sacar lo mejor de cada uno de ellos.<\/span><\/p>\n<p>&nbsp;<\/p>\n<p>&nbsp;<\/p>","protected":false},"featured_media":17558,"comment_status":"open","ping_status":"closed","template":"","meta":{"_acf_changed":false,"inline_featured_image":false},"product_brand":[],"product_cat":[32],"product_tag":[],"class_list":{"0":"post-17553","1":"product","2":"type-product","3":"status-publish","4":"has-post-thumbnail","6":"product_cat-interpretacion","8":"first","9":"outofstock","10":"sold-individually","11":"taxable","12":"shipping-taxable","13":"purchasable","14":"product-type-variable","15":"has-default-attributes"},"acf":[],"_links":{"self":[{"href":"https:\/\/www.escueladoblajealicante.com\/en\/wp-json\/wp\/v2\/product\/17553","targetHints":{"allow":["GET"]}}],"collection":[{"href":"https:\/\/www.escueladoblajealicante.com\/en\/wp-json\/wp\/v2\/product"}],"about":[{"href":"https:\/\/www.escueladoblajealicante.com\/en\/wp-json\/wp\/v2\/types\/product"}],"replies":[{"embeddable":true,"href":"https:\/\/www.escueladoblajealicante.com\/en\/wp-json\/wp\/v2\/comments?post=17553"}],"version-history":[{"count":2,"href":"https:\/\/www.escueladoblajealicante.com\/en\/wp-json\/wp\/v2\/product\/17553\/revisions"}],"predecessor-version":[{"id":17775,"href":"https:\/\/www.escueladoblajealicante.com\/en\/wp-json\/wp\/v2\/product\/17553\/revisions\/17775"}],"wp:featuredmedia":[{"embeddable":true,"href":"https:\/\/www.escueladoblajealicante.com\/en\/wp-json\/wp\/v2\/media\/17558"}],"wp:attachment":[{"href":"https:\/\/www.escueladoblajealicante.com\/en\/wp-json\/wp\/v2\/media?parent=17553"}],"wp:term":[{"taxonomy":"product_brand","embeddable":true,"href":"https:\/\/www.escueladoblajealicante.com\/en\/wp-json\/wp\/v2\/product_brand?post=17553"},{"taxonomy":"product_cat","embeddable":true,"href":"https:\/\/www.escueladoblajealicante.com\/en\/wp-json\/wp\/v2\/product_cat?post=17553"},{"taxonomy":"product_tag","embeddable":true,"href":"https:\/\/www.escueladoblajealicante.com\/en\/wp-json\/wp\/v2\/product_tag?post=17553"}],"curies":[{"name":"wp","href":"https:\/\/api.w.org\/{rel}","templated":true}]}}