{"id":17465,"date":"2024-12-12T10:51:15","date_gmt":"2024-12-12T10:51:15","guid":{"rendered":"https:\/\/www.escueladoblajealicante.com\/?post_type=product&#038;p=17465"},"modified":"2025-07-08T09:36:08","modified_gmt":"2025-07-08T09:36:08","slug":"taller-de-doblaje-anime","status":"publish","type":"product","link":"https:\/\/www.escueladoblajealicante.com\/en\/cursos\/taller-de-doblaje-anime\/","title":{"rendered":"Taller de doblaje Anime"},"content":{"rendered":"","protected":false},"excerpt":{"rendered":"<p style=\"text-align: justify;\">La Navidad ha llegado a la Escuela de Doblaje de Alicante y os traemos un regalazo: Un TALLER DE DOBLAJE ANIME de 4 horas y gratis. S\u00ed, has le\u00eddo bien, GRATIS.<\/p>\n<p>El d\u00eda 21 de diciembre tienes la oportunidad de participar en este taller de doblaje que ser\u00e1 impartido por 2 grandes amigos de la escuela y unos pedazo de profesionales que empiezan a volar alto: Cristian Gamb\u00edn y Jose Luis Riquelme.<\/p>\n<p>En estas 4 horas tendr\u00e9is la oportunidad de mejorar vuestra t\u00e9cnica e interpretaci\u00f3n con la gu\u00eda individual de estos 2 cracks y materiales que os van a flipar.<\/p>\n<p>&nbsp;<\/p>\n<h3><strong>\u00bfC\u00f3mo conseguir tu plaza?<\/strong><\/h3>\n<ol>\n<li>Reserva aqu\u00ed tu plaza.<\/li>\n<li>Comparte en tus historias nuestra publicaci\u00f3n de Instagram o Facebook y etiqu\u00e9tanos.<\/li>\n<\/ol>\n<p>Entre todos los que lo hag\u00e1is, elegiremos por sorteo a 10 personas que asistir\u00e1n gratis al taller.<\/p>\n<p>&nbsp;<\/p>\n<p>As\u00ed que preparad vuestras redes sociales, calentad la voz y elegid vuestro cosplay para asistir a la \u00faltima clase del a\u00f1o de EDA.<\/p>\n<p>&nbsp;<\/p>\n<p>\u00a1Os esperamos!<\/p>","protected":false},"featured_media":17865,"comment_status":"open","ping_status":"closed","template":"","meta":{"_acf_changed":false,"inline_featured_image":false},"product_brand":[],"product_cat":[15],"product_tag":[],"class_list":{"0":"post-17465","1":"product","2":"type-product","3":"status-publish","4":"has-post-thumbnail","6":"product_cat-doblaje","8":"first","9":"outofstock","10":"sale","11":"sold-individually","12":"taxable","13":"shipping-taxable","14":"purchasable","15":"product-type-simple"},"acf":[],"_links":{"self":[{"href":"https:\/\/www.escueladoblajealicante.com\/en\/wp-json\/wp\/v2\/product\/17465","targetHints":{"allow":["GET"]}}],"collection":[{"href":"https:\/\/www.escueladoblajealicante.com\/en\/wp-json\/wp\/v2\/product"}],"about":[{"href":"https:\/\/www.escueladoblajealicante.com\/en\/wp-json\/wp\/v2\/types\/product"}],"replies":[{"embeddable":true,"href":"https:\/\/www.escueladoblajealicante.com\/en\/wp-json\/wp\/v2\/comments?post=17465"}],"version-history":[{"count":2,"href":"https:\/\/www.escueladoblajealicante.com\/en\/wp-json\/wp\/v2\/product\/17465\/revisions"}],"predecessor-version":[{"id":18060,"href":"https:\/\/www.escueladoblajealicante.com\/en\/wp-json\/wp\/v2\/product\/17465\/revisions\/18060"}],"wp:featuredmedia":[{"embeddable":true,"href":"https:\/\/www.escueladoblajealicante.com\/en\/wp-json\/wp\/v2\/media\/17865"}],"wp:attachment":[{"href":"https:\/\/www.escueladoblajealicante.com\/en\/wp-json\/wp\/v2\/media?parent=17465"}],"wp:term":[{"taxonomy":"product_brand","embeddable":true,"href":"https:\/\/www.escueladoblajealicante.com\/en\/wp-json\/wp\/v2\/product_brand?post=17465"},{"taxonomy":"product_cat","embeddable":true,"href":"https:\/\/www.escueladoblajealicante.com\/en\/wp-json\/wp\/v2\/product_cat?post=17465"},{"taxonomy":"product_tag","embeddable":true,"href":"https:\/\/www.escueladoblajealicante.com\/en\/wp-json\/wp\/v2\/product_tag?post=17465"}],"curies":[{"name":"wp","href":"https:\/\/api.w.org\/{rel}","templated":true}]}}