{"id":1134,"date":"2018-05-01T14:59:06","date_gmt":"2018-05-01T14:59:06","guid":{"rendered":"https:\/\/sandbox.escueladoblajealicante.com\/?post_type=product&#038;p=1134"},"modified":"2024-09-19T12:02:28","modified_gmt":"2024-09-19T12:02:28","slug":"doblaje-curso-de-perfeccionamiento","status":"publish","type":"product","link":"https:\/\/www.escueladoblajealicante.com\/en\/cursos\/doblaje-curso-de-perfeccionamiento\/","title":{"rendered":"Curso Perfeccionamiento de Doblaje"},"content":{"rendered":"","protected":false},"excerpt":{"rendered":"<p>Si ya has tenido contacto con el mundo del doblaje y te has iniciado en esta apasionante profesi\u00f3n, ahora te traemos la oportunidad de afianzar la t\u00e9cnica y dar un paso m\u00e1s\u00a0de la mano de uno de los mejores profesionales de la industria del doblaje en\u00a0Espa\u00f1a y el curso Perfeccionamiento de doblaje.<\/p>\n<p>En este nuevo curso al que se suma\u00a0Salvador Aldeguer como profesor, aprender\u00e1s a lo largo de 4 s\u00e1bados\u00a0a mejorar tu\u00a0t\u00e9cnica y desarrollar tu capacidad para interpretar utilizando la\u00a0voz desde el atril y dotar a tu actuaci\u00f3n de credibilidad y emoci\u00f3n.<\/p>","protected":false},"featured_media":1135,"comment_status":"open","ping_status":"closed","template":"","meta":{"_acf_changed":false,"inline_featured_image":false},"product_brand":[],"product_cat":[15],"product_tag":[],"class_list":{"0":"post-1134","1":"product","2":"type-product","3":"status-publish","4":"has-post-thumbnail","6":"product_cat-doblaje","8":"first","9":"outofstock","10":"sold-individually","11":"taxable","12":"shipping-taxable","13":"purchasable","14":"product-type-simple"},"acf":[],"_links":{"self":[{"href":"https:\/\/www.escueladoblajealicante.com\/en\/wp-json\/wp\/v2\/product\/1134","targetHints":{"allow":["GET"]}}],"collection":[{"href":"https:\/\/www.escueladoblajealicante.com\/en\/wp-json\/wp\/v2\/product"}],"about":[{"href":"https:\/\/www.escueladoblajealicante.com\/en\/wp-json\/wp\/v2\/types\/product"}],"replies":[{"embeddable":true,"href":"https:\/\/www.escueladoblajealicante.com\/en\/wp-json\/wp\/v2\/comments?post=1134"}],"version-history":[{"count":0,"href":"https:\/\/www.escueladoblajealicante.com\/en\/wp-json\/wp\/v2\/product\/1134\/revisions"}],"wp:featuredmedia":[{"embeddable":true,"href":"https:\/\/www.escueladoblajealicante.com\/en\/wp-json\/wp\/v2\/media\/1135"}],"wp:attachment":[{"href":"https:\/\/www.escueladoblajealicante.com\/en\/wp-json\/wp\/v2\/media?parent=1134"}],"wp:term":[{"taxonomy":"product_brand","embeddable":true,"href":"https:\/\/www.escueladoblajealicante.com\/en\/wp-json\/wp\/v2\/product_brand?post=1134"},{"taxonomy":"product_cat","embeddable":true,"href":"https:\/\/www.escueladoblajealicante.com\/en\/wp-json\/wp\/v2\/product_cat?post=1134"},{"taxonomy":"product_tag","embeddable":true,"href":"https:\/\/www.escueladoblajealicante.com\/en\/wp-json\/wp\/v2\/product_tag?post=1134"}],"curies":[{"name":"wp","href":"https:\/\/api.w.org\/{rel}","templated":true}]}}