{"id":1131,"date":"2017-07-01T14:50:53","date_gmt":"2017-07-01T14:50:53","guid":{"rendered":"https:\/\/sandbox.escueladoblajealicante.com\/?post_type=product&#038;p=1131"},"modified":"2024-09-19T12:03:19","modified_gmt":"2024-09-19T12:03:19","slug":"curso-intensivo-de-doblaje-julio","status":"publish","type":"product","link":"https:\/\/www.escueladoblajealicante.com\/en\/cursos\/curso-intensivo-de-doblaje-julio\/","title":{"rendered":"Curso Intensivo doblaje Julio"},"content":{"rendered":"","protected":false},"excerpt":{"rendered":"<p>Para todos aquellos que est\u00e1is interesados en el mundo del doblaje y alguna vez hab\u00e9is interpretado escenas de vuestras pel\u00edculas favoritas en boca de los propios actores y actrices, ahora os traemos la oportunidad de iniciaros en esta profesi\u00f3n con este curso intensivo de 20h de duraci\u00f3n repartidas en 2 fines de semana.<\/p>\n<p>Durante este curso aprender\u00e1s los fundamentos b\u00e1sicos del doblaje con pr\u00e1cticas continuas delante del\u00a0atril y nuestra pantalla de cine. Estar\u00e1s en todo momento formado y dirigido por actores y directores de doblaje en activo que conseguir\u00e1n sacar lo mejor de t\u00ed.<\/p>\n<p>Si quieres iniciarte en la profesi\u00f3n de actor de doblaje, esta es tu oportunidad de hacerlo con profesionales.<\/p>","protected":false},"featured_media":1130,"comment_status":"open","ping_status":"closed","template":"","meta":{"_acf_changed":false,"inline_featured_image":false},"product_brand":[],"product_cat":[15],"product_tag":[],"class_list":{"0":"post-1131","1":"product","2":"type-product","3":"status-publish","4":"has-post-thumbnail","6":"product_cat-doblaje","8":"first","9":"outofstock","10":"sold-individually","11":"taxable","12":"shipping-taxable","13":"purchasable","14":"product-type-simple"},"acf":[],"_links":{"self":[{"href":"https:\/\/www.escueladoblajealicante.com\/en\/wp-json\/wp\/v2\/product\/1131","targetHints":{"allow":["GET"]}}],"collection":[{"href":"https:\/\/www.escueladoblajealicante.com\/en\/wp-json\/wp\/v2\/product"}],"about":[{"href":"https:\/\/www.escueladoblajealicante.com\/en\/wp-json\/wp\/v2\/types\/product"}],"replies":[{"embeddable":true,"href":"https:\/\/www.escueladoblajealicante.com\/en\/wp-json\/wp\/v2\/comments?post=1131"}],"version-history":[{"count":0,"href":"https:\/\/www.escueladoblajealicante.com\/en\/wp-json\/wp\/v2\/product\/1131\/revisions"}],"wp:featuredmedia":[{"embeddable":true,"href":"https:\/\/www.escueladoblajealicante.com\/en\/wp-json\/wp\/v2\/media\/1130"}],"wp:attachment":[{"href":"https:\/\/www.escueladoblajealicante.com\/en\/wp-json\/wp\/v2\/media?parent=1131"}],"wp:term":[{"taxonomy":"product_brand","embeddable":true,"href":"https:\/\/www.escueladoblajealicante.com\/en\/wp-json\/wp\/v2\/product_brand?post=1131"},{"taxonomy":"product_cat","embeddable":true,"href":"https:\/\/www.escueladoblajealicante.com\/en\/wp-json\/wp\/v2\/product_cat?post=1131"},{"taxonomy":"product_tag","embeddable":true,"href":"https:\/\/www.escueladoblajealicante.com\/en\/wp-json\/wp\/v2\/product_tag?post=1131"}],"curies":[{"name":"wp","href":"https:\/\/api.w.org\/{rel}","templated":true}]}}