{"id":1112,"date":"2017-12-01T14:44:50","date_gmt":"2017-12-01T14:44:50","guid":{"rendered":"https:\/\/sandbox.escueladoblajealicante.com\/?post_type=product&#038;p=1112"},"modified":"2024-09-19T12:06:44","modified_gmt":"2024-09-19T12:06:44","slug":"masterclass-con-eduardo-bosch","status":"publish","type":"product","link":"https:\/\/www.escueladoblajealicante.com\/en\/cursos\/masterclass-con-eduardo-bosch\/","title":{"rendered":"Masterclass con Eduardo Bosch"},"content":{"rendered":"","protected":false},"excerpt":{"rendered":"<p>Recoge la experiencia de Eduardo Bosch, una de las mejores voces del momento en el mundo del doblaje en Espa\u00f1a, en esta Masterclass de 2\u20195h de duraci\u00f3n.<\/p>\n<p>La clase ser\u00e1 100% pr\u00e1ctica y tendr\u00e1s el privilegio de mejorar tu t\u00e9cnica con todo un crack como\u00a0Eduardo Bosch.<\/p>\n<p>Aprovecha esta oportunidad \u00fanica e inscr\u00edbete ya a trav\u00e9s del formulario para reservar tu plaza lo antes posible.<\/p>","protected":false},"featured_media":1115,"comment_status":"open","ping_status":"closed","template":"","meta":{"_acf_changed":false,"inline_featured_image":false},"product_brand":[],"product_cat":[15],"product_tag":[],"class_list":{"0":"post-1112","1":"product","2":"type-product","3":"status-publish","4":"has-post-thumbnail","6":"product_cat-doblaje","8":"first","9":"outofstock","10":"sold-individually","11":"taxable","12":"shipping-taxable","13":"purchasable","14":"product-type-variable"},"acf":[],"_links":{"self":[{"href":"https:\/\/www.escueladoblajealicante.com\/en\/wp-json\/wp\/v2\/product\/1112","targetHints":{"allow":["GET"]}}],"collection":[{"href":"https:\/\/www.escueladoblajealicante.com\/en\/wp-json\/wp\/v2\/product"}],"about":[{"href":"https:\/\/www.escueladoblajealicante.com\/en\/wp-json\/wp\/v2\/types\/product"}],"replies":[{"embeddable":true,"href":"https:\/\/www.escueladoblajealicante.com\/en\/wp-json\/wp\/v2\/comments?post=1112"}],"version-history":[{"count":0,"href":"https:\/\/www.escueladoblajealicante.com\/en\/wp-json\/wp\/v2\/product\/1112\/revisions"}],"wp:featuredmedia":[{"embeddable":true,"href":"https:\/\/www.escueladoblajealicante.com\/en\/wp-json\/wp\/v2\/media\/1115"}],"wp:attachment":[{"href":"https:\/\/www.escueladoblajealicante.com\/en\/wp-json\/wp\/v2\/media?parent=1112"}],"wp:term":[{"taxonomy":"product_brand","embeddable":true,"href":"https:\/\/www.escueladoblajealicante.com\/en\/wp-json\/wp\/v2\/product_brand?post=1112"},{"taxonomy":"product_cat","embeddable":true,"href":"https:\/\/www.escueladoblajealicante.com\/en\/wp-json\/wp\/v2\/product_cat?post=1112"},{"taxonomy":"product_tag","embeddable":true,"href":"https:\/\/www.escueladoblajealicante.com\/en\/wp-json\/wp\/v2\/product_tag?post=1112"}],"curies":[{"name":"wp","href":"https:\/\/api.w.org\/{rel}","templated":true}]}}