{"id":1109,"date":"2018-02-01T14:12:03","date_gmt":"2018-02-01T14:12:03","guid":{"rendered":"https:\/\/sandbox.escueladoblajealicante.com\/?post_type=product&#038;p=1109"},"modified":"2024-09-19T12:07:00","modified_gmt":"2024-09-19T12:07:00","slug":"taller-de-doblaje-musical","status":"publish","type":"product","link":"https:\/\/www.escueladoblajealicante.com\/en\/cursos\/taller-de-doblaje-musical\/","title":{"rendered":"Taller de Doblaje Musical"},"content":{"rendered":"<h3><strong>Contenido del Taller de Doblaje Musical:<\/strong><\/h3>\n<p>1.- Respiraci\u00f3n y relajaci\u00f3n.<\/p>\n<p>2.- Vocalizaci\u00f3n y entonaci\u00f3n.<\/p>\n<p>3.- Ritmo y dicci\u00f3n.<\/p>\n<p>4.- Preparaci\u00f3n, ensayo y montaje de canciones.<\/p>\n<p>5.- Pr\u00e1cticas en estudio y grabaci\u00f3n posterior.<\/p>","protected":false},"excerpt":{"rendered":"<p>Con este taller damos una vuelta de tuerca m\u00e1s a esta apasionante profesi\u00f3n y traemos a una de las personas m\u00e1s importantes del doblaje musical en Espa\u00f1a para ofrecer el\u00a0<strong>Taller de Doblaje Musical<\/strong>.<\/p>\n<p>A lo largo de estas 20 horas con\u00a0Mar\u00eda Caneda, podr\u00e1s aprender las t\u00e9cnicas necesarias para poner tu voz a series y pel\u00edculas musicales tal y como hacen los profesionales.<\/p>","protected":false},"featured_media":1110,"comment_status":"open","ping_status":"closed","template":"","meta":{"_acf_changed":false,"inline_featured_image":false},"product_brand":[],"product_cat":[15,32],"product_tag":[],"class_list":{"0":"post-1109","1":"product","2":"type-product","3":"status-publish","4":"has-post-thumbnail","6":"product_cat-doblaje","7":"product_cat-interpretacion","9":"first","10":"outofstock","11":"sold-individually","12":"taxable","13":"shipping-taxable","14":"purchasable","15":"product-type-simple"},"acf":[],"_links":{"self":[{"href":"https:\/\/www.escueladoblajealicante.com\/en\/wp-json\/wp\/v2\/product\/1109","targetHints":{"allow":["GET"]}}],"collection":[{"href":"https:\/\/www.escueladoblajealicante.com\/en\/wp-json\/wp\/v2\/product"}],"about":[{"href":"https:\/\/www.escueladoblajealicante.com\/en\/wp-json\/wp\/v2\/types\/product"}],"replies":[{"embeddable":true,"href":"https:\/\/www.escueladoblajealicante.com\/en\/wp-json\/wp\/v2\/comments?post=1109"}],"version-history":[{"count":0,"href":"https:\/\/www.escueladoblajealicante.com\/en\/wp-json\/wp\/v2\/product\/1109\/revisions"}],"wp:featuredmedia":[{"embeddable":true,"href":"https:\/\/www.escueladoblajealicante.com\/en\/wp-json\/wp\/v2\/media\/1110"}],"wp:attachment":[{"href":"https:\/\/www.escueladoblajealicante.com\/en\/wp-json\/wp\/v2\/media?parent=1109"}],"wp:term":[{"taxonomy":"product_brand","embeddable":true,"href":"https:\/\/www.escueladoblajealicante.com\/en\/wp-json\/wp\/v2\/product_brand?post=1109"},{"taxonomy":"product_cat","embeddable":true,"href":"https:\/\/www.escueladoblajealicante.com\/en\/wp-json\/wp\/v2\/product_cat?post=1109"},{"taxonomy":"product_tag","embeddable":true,"href":"https:\/\/www.escueladoblajealicante.com\/en\/wp-json\/wp\/v2\/product_tag?post=1109"}],"curies":[{"name":"wp","href":"https:\/\/api.w.org\/{rel}","templated":true}]}}