{"id":1102,"date":"2018-07-01T13:01:54","date_gmt":"2018-07-01T13:01:54","guid":{"rendered":"https:\/\/sandbox.escueladoblajealicante.com\/?post_type=product&#038;p=1102"},"modified":"2024-09-19T12:08:26","modified_gmt":"2024-09-19T12:08:26","slug":"taller-doblaje-videojuegos-3","status":"publish","type":"product","link":"https:\/\/www.escueladoblajealicante.com\/en\/cursos\/taller-doblaje-videojuegos-3\/","title":{"rendered":"Taller Doblaje de Videojuegos"},"content":{"rendered":"","protected":false},"excerpt":{"rendered":"<p style=\"text-align: justify;\">\u00bfTe has iniciado en el mundo del doblaje y quieres explorar otras v\u00edas adem\u00e1s del cine y la TV? \u00bfTe gustar\u00eda\u00a0saber c\u00f3mo se realiza el doblaje en\u00a0los videojuegos?<\/p>\n<p style=\"text-align: justify;\">En este taller de doblaje de videojuegos\u00a0no s\u00f3lo te contaremos c\u00f3mo se hace sino que adem\u00e1s aprender\u00e1s las t\u00e9cnicas, pasos\u00a0y trucos de esta especializaci\u00f3n dentro del mundo del doblaje de forma 100% pr\u00e1ctica. Vas a tener el privilegio de contar con uno de los directores de doblaje de videojuegos m\u00e1s importantes de la industria en nuestro pa\u00eds,\u00a0Emilio Gallardo, por lo que dif\u00edcilmente puedas aprender de alguien mejor.<\/p>\n<p style=\"text-align: justify;\">Cada una de las clases estar\u00e1 dedicada a trabajar con diferentes tipos de\u00a0restricciones de tiempo a la hora de interpretar y sincronizar el texto y a aprender la t\u00e9cnica necesaria para que puedas iniciarte con total garant\u00eda en esta modalidad.<\/p>","protected":false},"featured_media":1103,"comment_status":"open","ping_status":"closed","template":"","meta":{"_acf_changed":false,"inline_featured_image":false},"product_brand":[],"product_cat":[15,32],"product_tag":[],"class_list":{"0":"post-1102","1":"product","2":"type-product","3":"status-publish","4":"has-post-thumbnail","6":"product_cat-doblaje","7":"product_cat-interpretacion","9":"first","10":"outofstock","11":"sold-individually","12":"taxable","13":"shipping-taxable","14":"purchasable","15":"product-type-simple"},"acf":[],"_links":{"self":[{"href":"https:\/\/www.escueladoblajealicante.com\/en\/wp-json\/wp\/v2\/product\/1102","targetHints":{"allow":["GET"]}}],"collection":[{"href":"https:\/\/www.escueladoblajealicante.com\/en\/wp-json\/wp\/v2\/product"}],"about":[{"href":"https:\/\/www.escueladoblajealicante.com\/en\/wp-json\/wp\/v2\/types\/product"}],"replies":[{"embeddable":true,"href":"https:\/\/www.escueladoblajealicante.com\/en\/wp-json\/wp\/v2\/comments?post=1102"}],"version-history":[{"count":0,"href":"https:\/\/www.escueladoblajealicante.com\/en\/wp-json\/wp\/v2\/product\/1102\/revisions"}],"wp:featuredmedia":[{"embeddable":true,"href":"https:\/\/www.escueladoblajealicante.com\/en\/wp-json\/wp\/v2\/media\/1103"}],"wp:attachment":[{"href":"https:\/\/www.escueladoblajealicante.com\/en\/wp-json\/wp\/v2\/media?parent=1102"}],"wp:term":[{"taxonomy":"product_brand","embeddable":true,"href":"https:\/\/www.escueladoblajealicante.com\/en\/wp-json\/wp\/v2\/product_brand?post=1102"},{"taxonomy":"product_cat","embeddable":true,"href":"https:\/\/www.escueladoblajealicante.com\/en\/wp-json\/wp\/v2\/product_cat?post=1102"},{"taxonomy":"product_tag","embeddable":true,"href":"https:\/\/www.escueladoblajealicante.com\/en\/wp-json\/wp\/v2\/product_tag?post=1102"}],"curies":[{"name":"wp","href":"https:\/\/api.w.org\/{rel}","templated":true}]}}