{"id":1101,"date":"2018-05-01T12:49:05","date_gmt":"2018-05-01T12:49:05","guid":{"rendered":"https:\/\/sandbox.escueladoblajealicante.com\/?post_type=product&#038;p=1101"},"modified":"2024-09-19T12:08:45","modified_gmt":"2024-09-19T12:08:45","slug":"tecnicas-de-voz-para-animacion-creando-personajes","status":"publish","type":"product","link":"https:\/\/www.escueladoblajealicante.com\/en\/cursos\/tecnicas-de-voz-para-animacion-creando-personajes\/","title":{"rendered":"T\u00e9cnicas de voz para animaci\u00f3n: Creando personajes"},"content":{"rendered":"<div>\n<h3><strong>Temario del taller de t\u00e9cnicas de voz:<\/strong><\/h3>\n<ul>\n<li>An\u00e1lisis de nuestra voz, par\u00e1metros ac\u00fasticos.<\/li>\n<li>H\u00e1bitos correctos de producci\u00f3n de voz.<\/li>\n<li>T\u00e9cnicas de voz para animaci\u00f3n.<\/li>\n<li>Consejos para leer y marcar guiones.<\/li>\n<li>Identificar y expresar emociones.<\/li>\n<li>Crear personajes de animaci\u00f3n: tipos, an\u00e1lisis y t\u00e9cnicas.<\/li>\n<li>Los cinco tipos de voz para animaci\u00f3n.<\/li>\n<li>Salidas profesionales.<\/li>\n<li>En el estudio: consejos, actitud y problemas.<\/li>\n<li>Grabaci\u00f3n de demo profesional<\/li>\n<\/ul>\n<\/div>","protected":false},"excerpt":{"rendered":"<div class=\"vc_row wpb_row vc_inner vc_row-fluid\">\n<div class=\"wpb_column vc_column_container vc_col-sm-12\">\n<div class=\"vc_column-inner\">\n<div class=\"wpb_wrapper\">\n<div class=\"wpb_text_column wpb_content_element\">\n<div class=\"wpb_wrapper\">\n<div>\n<p style=\"text-align: justify;\">Como actores de voz y\/o locutores tendremos que ampliar nuestro rango de voces y debemos tener a nuestra disposici\u00f3n todas las herramientas art\u00edsticas posibles para caracterizar todo tipo de personajes, sea este una princesa, un ogro, una naranja, un tornillo o un robot psic\u00f3pata. Pero \u00bfqu\u00e9 voz tiene un tornillo?<\/p>\n<p style=\"text-align: justify;\">En este taller de t\u00e9cnicas de voz, impartido por Chema Baz\u00e1n, te ense\u00f1aremos a c\u00f3mo sacar el m\u00e1ximo provecho a tu voz para crear personajes y mantener una interpretaci\u00f3n constante y coherente. Es un taller te\u00f3rico y pr\u00e1ctico muy completo, en el que abarcaremos todos los aspectos necesarios para dar vida a cualquier tipo de personaje que necesites.<\/p>\n<p style=\"text-align: justify;\">El objetivo de este taller es darte las m\u00e1ximas herramientas art\u00edsticas para que puedas crear e interpretar cualquier personaje en un estudio profesional.<\/p>\n<p>Partiendo del an\u00e1lisis ac\u00fastico de nuestra voz y de personajes de animaci\u00f3n conocidos, aprenderemos los tipos diferentes de voces que podemos hacer seg\u00fan m\u00faltiples par\u00e1metros y crearemos dos personajes que utilizaremos para grabar una demo.<\/p>\n<\/div>\n<\/div>\n<\/div>\n<\/div>\n<\/div>\n<\/div>\n<\/div>\n<div class=\"wpb_text_column wpb_content_element\">\n<div class=\"wpb_wrapper\">\n<div style=\"text-align: justify;\"><\/div>\n<\/div>\n<\/div>","protected":false},"featured_media":1075,"comment_status":"open","ping_status":"closed","template":"","meta":{"_acf_changed":false,"inline_featured_image":false},"product_brand":[],"product_cat":[15,32],"product_tag":[],"class_list":{"0":"post-1101","1":"product","2":"type-product","3":"status-publish","4":"has-post-thumbnail","6":"product_cat-doblaje","7":"product_cat-interpretacion","9":"first","10":"outofstock","11":"sold-individually","12":"taxable","13":"shipping-taxable","14":"purchasable","15":"product-type-simple"},"acf":[],"_links":{"self":[{"href":"https:\/\/www.escueladoblajealicante.com\/en\/wp-json\/wp\/v2\/product\/1101","targetHints":{"allow":["GET"]}}],"collection":[{"href":"https:\/\/www.escueladoblajealicante.com\/en\/wp-json\/wp\/v2\/product"}],"about":[{"href":"https:\/\/www.escueladoblajealicante.com\/en\/wp-json\/wp\/v2\/types\/product"}],"replies":[{"embeddable":true,"href":"https:\/\/www.escueladoblajealicante.com\/en\/wp-json\/wp\/v2\/comments?post=1101"}],"version-history":[{"count":0,"href":"https:\/\/www.escueladoblajealicante.com\/en\/wp-json\/wp\/v2\/product\/1101\/revisions"}],"wp:featuredmedia":[{"embeddable":true,"href":"https:\/\/www.escueladoblajealicante.com\/en\/wp-json\/wp\/v2\/media\/1075"}],"wp:attachment":[{"href":"https:\/\/www.escueladoblajealicante.com\/en\/wp-json\/wp\/v2\/media?parent=1101"}],"wp:term":[{"taxonomy":"product_brand","embeddable":true,"href":"https:\/\/www.escueladoblajealicante.com\/en\/wp-json\/wp\/v2\/product_brand?post=1101"},{"taxonomy":"product_cat","embeddable":true,"href":"https:\/\/www.escueladoblajealicante.com\/en\/wp-json\/wp\/v2\/product_cat?post=1101"},{"taxonomy":"product_tag","embeddable":true,"href":"https:\/\/www.escueladoblajealicante.com\/en\/wp-json\/wp\/v2\/product_tag?post=1101"}],"curies":[{"name":"wp","href":"https:\/\/api.w.org\/{rel}","templated":true}]}}