{"id":1091,"date":"2018-09-01T15:31:37","date_gmt":"2018-09-01T15:31:37","guid":{"rendered":"https:\/\/sandbox.escueladoblajealicante.com\/?post_type=product&#038;p=1091"},"modified":"2024-09-19T11:42:15","modified_gmt":"2024-09-19T11:42:15","slug":"curso-anual-doblaje-intermedio-2018-19","status":"publish","type":"product","link":"https:\/\/www.escueladoblajealicante.com\/en\/cursos\/curso-anual-doblaje-intermedio-2018-19\/","title":{"rendered":"Curso Anual Doblaje Intermedio 2018-19"},"content":{"rendered":"","protected":false},"excerpt":{"rendered":"<p style=\"text-align: justify;\">Lleg\u00f3 el momento. Contin\u00faa tu formaci\u00f3n como actor o actriz de doblaje dando un paso m\u00e1s y mejorando tu t\u00e9cnica y conocimientos de doblaje.<\/p>\n<p style=\"text-align: justify;\">Con\u00a0Alfonso Laguna\u00a0y\u00a0Raquel Cubillo\u00a0descubrir\u00e1s el apasionante mundo del doblaje con un profesorado formado por actores de doblaje en activo y que han puesto voz\u00a0a los principales actores del mundo del cine y la TV de\u00a0los \u00faltimos a\u00f1os. Adem\u00e1s durante el curso contar\u00e9is con la participaci\u00f3n de al menos 4 profesores m\u00e1s, todos ellos profesionales de reconocido prestigio, que aportar\u00e1n su particular forma de entender la profesi\u00f3n y su docencia.<\/p>\n<p style=\"text-align: justify;\">Este a\u00f1o vamos a contar con un m\u00e1ximo de 10 alumnos para aumentar el n\u00famero de takes que realizar\u00e9is por persona a lo largo del curso, algo que nos pedisteis en el curso anterior. El curso se dividir\u00e1 en 2 bloques que sumar\u00e1n las 27 clases con un total de 67\u20195 horas lectivas.<\/p>\n<p style=\"text-align: justify;\">Aumentar\u00e1 la exigencia del profesorado y tendr\u00e9is que exprimir y poner en pr\u00e1ctica todo lo aprendido en el curso anterior. Esto ya se pone serio\u2026<\/p>\n<p style=\"text-align: justify;\">Las plazas son limitadas. Os esperamos.<\/p>","protected":false},"featured_media":1094,"comment_status":"open","ping_status":"closed","template":"","meta":{"_acf_changed":false,"inline_featured_image":false},"product_brand":[],"product_cat":[15],"product_tag":[],"class_list":{"0":"post-1091","1":"product","2":"type-product","3":"status-publish","4":"has-post-thumbnail","6":"product_cat-doblaje","8":"first","9":"outofstock","10":"sold-individually","11":"taxable","12":"shipping-taxable","13":"purchasable","14":"product-type-variable","15":"has-default-attributes"},"acf":[],"_links":{"self":[{"href":"https:\/\/www.escueladoblajealicante.com\/en\/wp-json\/wp\/v2\/product\/1091","targetHints":{"allow":["GET"]}}],"collection":[{"href":"https:\/\/www.escueladoblajealicante.com\/en\/wp-json\/wp\/v2\/product"}],"about":[{"href":"https:\/\/www.escueladoblajealicante.com\/en\/wp-json\/wp\/v2\/types\/product"}],"replies":[{"embeddable":true,"href":"https:\/\/www.escueladoblajealicante.com\/en\/wp-json\/wp\/v2\/comments?post=1091"}],"version-history":[{"count":0,"href":"https:\/\/www.escueladoblajealicante.com\/en\/wp-json\/wp\/v2\/product\/1091\/revisions"}],"wp:featuredmedia":[{"embeddable":true,"href":"https:\/\/www.escueladoblajealicante.com\/en\/wp-json\/wp\/v2\/media\/1094"}],"wp:attachment":[{"href":"https:\/\/www.escueladoblajealicante.com\/en\/wp-json\/wp\/v2\/media?parent=1091"}],"wp:term":[{"taxonomy":"product_brand","embeddable":true,"href":"https:\/\/www.escueladoblajealicante.com\/en\/wp-json\/wp\/v2\/product_brand?post=1091"},{"taxonomy":"product_cat","embeddable":true,"href":"https:\/\/www.escueladoblajealicante.com\/en\/wp-json\/wp\/v2\/product_cat?post=1091"},{"taxonomy":"product_tag","embeddable":true,"href":"https:\/\/www.escueladoblajealicante.com\/en\/wp-json\/wp\/v2\/product_tag?post=1091"}],"curies":[{"name":"wp","href":"https:\/\/api.w.org\/{rel}","templated":true}]}}