{"id":1063,"date":"2021-10-01T14:09:11","date_gmt":"2021-10-01T14:09:11","guid":{"rendered":"https:\/\/sandbox.escueladoblajealicante.com\/?post_type=product&#038;p=1063"},"modified":"2024-09-19T11:48:04","modified_gmt":"2024-09-19T11:48:04","slug":"curso-semestral-doblaje-inicial-2021","status":"publish","type":"product","link":"https:\/\/www.escueladoblajealicante.com\/en\/cursos\/curso-semestral-doblaje-inicial-2021\/","title":{"rendered":"Curso Semestral Doblaje Inicial 2021"},"content":{"rendered":"<h2><strong>Objetivo del Curso Semestral de Doblaje Inicial:<\/strong><\/h2>\n<ul>\n<li>Evaluar las capacidades de cada alumno y su potenciaci\u00f3n o rectificaci\u00f3n.<\/li>\n<li>Formaci\u00f3n art\u00edstica aplicada.<\/li>\n<li>Iniciaci\u00f3n en las t\u00e9cnicas del doblaje.<\/li>\n<li>Conocimientos te\u00f3ricos, pr\u00e1cticos y protocolos de sala.<\/li>\n<li>B\u00fasqueda de registros.<\/li>\n<li>Llevar el texto al terreno del actor: que suene natural, cre\u00edble y con sentido, buscar los registros adecuados y expresar las emociones.<\/li>\n<\/ul>\n<p>&nbsp;<\/p>\n<h2><strong>Competencias a desarrollar:<\/strong><\/h2>\n<ul>\n<li>Teor\u00eda:\n<ul>\n<li>El proceso de producci\u00f3n para doblar una pel\u00edcula.<\/li>\n<li>An\u00e1lisis del texto.<\/li>\n<li>Pausas y silencios.<\/li>\n<li>Timbre, entonaci\u00f3n y volumen.<\/li>\n<\/ul>\n<\/li>\n<\/ul>\n<ul>\n<li>Pr\u00e1ctica:\n<ul>\n<li>Sincron\u00eda e interpretaci\u00f3n de takes (unidades de doblaje) pertenecientes a diferentes estilos.<\/li>\n<li>Iniciaci\u00f3n al ajuste de guiones.<\/li>\n<\/ul>\n<\/li>\n<\/ul>\n<p><strong><br \/>\nEvaluaci\u00f3n<\/strong>: continua, con atenci\u00f3n personalizada a las caracter\u00edsticas de cada alumno.<\/p>\n<p><strong>Materiales<\/strong>: guiones de teleseries, pel\u00edculas, dibujos animados, de diferentes registros y con diferentes grados de complejidad.<\/p>","protected":false},"excerpt":{"rendered":"<p style=\"text-align: justify;\">Tanto si quieres aprender la profesi\u00f3n de actor de doblaje como si quieres mejorar tus dotes vocales o interpretativas, te presentamos el nuevo curso semestral de doblaje inicial.<\/p>\n<p style=\"text-align: justify;\">Con\u00a0Alfonso Laguna\u00a0y\u00a0Raquel Cubillo\u00a0descubrir\u00e1s el apasionante mundo del doblaje con un profesorado formado por profesionales del doblaje en activo y con una formaci\u00f3n 100% pr\u00e1ctica y presencial. Adem\u00e1s durante el curso contar\u00e9is con la participaci\u00f3n de al menos 2 profesores m\u00e1s, todos ellos profesionales de reconocido prestigio, que aportar\u00e1n su particular forma de entender la profesi\u00f3n y su docencia.<\/p>","protected":false},"featured_media":1059,"comment_status":"open","ping_status":"closed","template":"","meta":{"_acf_changed":false,"inline_featured_image":false},"product_brand":[],"product_cat":[15],"product_tag":[],"class_list":{"0":"post-1063","1":"product","2":"type-product","3":"status-publish","4":"has-post-thumbnail","6":"product_cat-doblaje","8":"first","9":"outofstock","10":"sold-individually","11":"taxable","12":"shipping-taxable","13":"purchasable","14":"product-type-variable","15":"has-default-attributes"},"acf":[],"_links":{"self":[{"href":"https:\/\/www.escueladoblajealicante.com\/en\/wp-json\/wp\/v2\/product\/1063","targetHints":{"allow":["GET"]}}],"collection":[{"href":"https:\/\/www.escueladoblajealicante.com\/en\/wp-json\/wp\/v2\/product"}],"about":[{"href":"https:\/\/www.escueladoblajealicante.com\/en\/wp-json\/wp\/v2\/types\/product"}],"replies":[{"embeddable":true,"href":"https:\/\/www.escueladoblajealicante.com\/en\/wp-json\/wp\/v2\/comments?post=1063"}],"version-history":[{"count":0,"href":"https:\/\/www.escueladoblajealicante.com\/en\/wp-json\/wp\/v2\/product\/1063\/revisions"}],"wp:featuredmedia":[{"embeddable":true,"href":"https:\/\/www.escueladoblajealicante.com\/en\/wp-json\/wp\/v2\/media\/1059"}],"wp:attachment":[{"href":"https:\/\/www.escueladoblajealicante.com\/en\/wp-json\/wp\/v2\/media?parent=1063"}],"wp:term":[{"taxonomy":"product_brand","embeddable":true,"href":"https:\/\/www.escueladoblajealicante.com\/en\/wp-json\/wp\/v2\/product_brand?post=1063"},{"taxonomy":"product_cat","embeddable":true,"href":"https:\/\/www.escueladoblajealicante.com\/en\/wp-json\/wp\/v2\/product_cat?post=1063"},{"taxonomy":"product_tag","embeddable":true,"href":"https:\/\/www.escueladoblajealicante.com\/en\/wp-json\/wp\/v2\/product_tag?post=1063"}],"curies":[{"name":"wp","href":"https:\/\/api.w.org\/{rel}","templated":true}]}}