{"id":1048,"date":"2022-09-01T10:34:39","date_gmt":"2022-09-01T10:34:39","guid":{"rendered":"https:\/\/sandbox.escueladoblajealicante.com\/?post_type=product&#038;p=1048"},"modified":"2024-09-19T10:35:11","modified_gmt":"2024-09-19T10:35:11","slug":"curso-doblaje-avanzado-2022","status":"publish","type":"product","link":"https:\/\/www.escueladoblajealicante.com\/en\/cursos\/curso-doblaje-avanzado-2022\/","title":{"rendered":"Curso Doblaje Avanzado 2022"},"content":{"rendered":"","protected":false},"excerpt":{"rendered":"<p>A los que ya hab\u00e9is avanzado en vuestra formaci\u00f3n profesional como actores y actrices de doblaje, os invitamos a dar un paso m\u00e1s a trav\u00e9s de este curso de nivel avanzado impartido por\u00a0<a href=\"https:\/\/www.escueladoblajealicante.com\/en\/salvador-aldeguer\/\">Salvador Aldeguer<\/a>\u00a0en la Escuela de Doblaje de Alicante.<\/p>\n<p>A trav\u00e9s de 10 clases de 2\u20195 horas buscaremos la m\u00e1xima exigencia, as\u00ed como perfeccionar la t\u00e9cnica y la interpretaci\u00f3n adem\u00e1s de trabajar tal y como se exige en sala como profesionales. Para ello necesitar\u00e9is traer auriculares y una clavija\/adaptador de minijack.<\/p>\n<p>Este curso se realizar\u00e1 exclusivamente en viernes por la tarde de 18:00 a 20:30 y manteniendo los protocolos Covid que venimos aplicando hasta ahora.<\/p>\n<p>Es el momento de acercarse mucho m\u00e1s al nivel profesional. Aprended, practicad y practicad.<\/p>","protected":false},"featured_media":1052,"comment_status":"open","ping_status":"closed","template":"","meta":{"_acf_changed":false,"inline_featured_image":false},"product_brand":[],"product_cat":[15],"product_tag":[],"class_list":{"0":"post-1048","1":"product","2":"type-product","3":"status-publish","4":"has-post-thumbnail","6":"product_cat-doblaje","8":"first","9":"outofstock","10":"sold-individually","11":"taxable","12":"shipping-taxable","13":"purchasable","14":"product-type-variable","15":"has-default-attributes"},"acf":[],"_links":{"self":[{"href":"https:\/\/www.escueladoblajealicante.com\/en\/wp-json\/wp\/v2\/product\/1048","targetHints":{"allow":["GET"]}}],"collection":[{"href":"https:\/\/www.escueladoblajealicante.com\/en\/wp-json\/wp\/v2\/product"}],"about":[{"href":"https:\/\/www.escueladoblajealicante.com\/en\/wp-json\/wp\/v2\/types\/product"}],"replies":[{"embeddable":true,"href":"https:\/\/www.escueladoblajealicante.com\/en\/wp-json\/wp\/v2\/comments?post=1048"}],"version-history":[{"count":0,"href":"https:\/\/www.escueladoblajealicante.com\/en\/wp-json\/wp\/v2\/product\/1048\/revisions"}],"wp:featuredmedia":[{"embeddable":true,"href":"https:\/\/www.escueladoblajealicante.com\/en\/wp-json\/wp\/v2\/media\/1052"}],"wp:attachment":[{"href":"https:\/\/www.escueladoblajealicante.com\/en\/wp-json\/wp\/v2\/media?parent=1048"}],"wp:term":[{"taxonomy":"product_brand","embeddable":true,"href":"https:\/\/www.escueladoblajealicante.com\/en\/wp-json\/wp\/v2\/product_brand?post=1048"},{"taxonomy":"product_cat","embeddable":true,"href":"https:\/\/www.escueladoblajealicante.com\/en\/wp-json\/wp\/v2\/product_cat?post=1048"},{"taxonomy":"product_tag","embeddable":true,"href":"https:\/\/www.escueladoblajealicante.com\/en\/wp-json\/wp\/v2\/product_tag?post=1048"}],"curies":[{"name":"wp","href":"https:\/\/api.w.org\/{rel}","templated":true}]}}