{"id":978,"date":"2024-06-14T08:59:45","date_gmt":"2024-06-14T08:59:45","guid":{"rendered":"https:\/\/sandbox.escueladoblajealicante.com\/?page_id=978"},"modified":"2024-06-14T09:30:43","modified_gmt":"2024-06-14T09:30:43","slug":"sus-datos-seguros","status":"publish","type":"page","link":"https:\/\/www.escueladoblajealicante.com\/en\/sus-datos-seguros\/","title":{"rendered":"Sus datos seguros"},"content":{"rendered":"<div data-elementor-type=\"wp-page\" data-elementor-id=\"978\" class=\"elementor elementor-978\">\n\t\t\t\t<div class=\"elementor-element elementor-element-b7a20d3 e-flex e-con-boxed cmsmasters-block-default e-con e-parent\" data-id=\"b7a20d3\" data-element_type=\"container\" data-e-type=\"container\">\n\t\t\t\t\t<div class=\"e-con-inner\">\n\t\t\t\t<div class=\"elementor-element elementor-element-2409eef cmsmasters-block-default cmsmasters-sticky-default elementor-widget elementor-widget-spacer\" data-id=\"2409eef\" data-element_type=\"widget\" data-e-type=\"widget\" data-widget_type=\"spacer.default\">\n\t\t\t\t<div class=\"elementor-widget-container\">\n\t\t\t\t\t\t\t<div class=\"elementor-spacer\">\n\t\t\t<div class=\"elementor-spacer-inner\"><\/div>\n\t\t<\/div>\n\t\t\t\t\t\t<\/div>\n\t\t\t\t<\/div>\n\t\t\t\t<div class=\"elementor-element elementor-element-24307b6 cmsmasters-block-default cmsmasters-sticky-default elementor-widget elementor-widget-heading\" data-id=\"24307b6\" data-element_type=\"widget\" data-e-type=\"widget\" data-widget_type=\"heading.default\">\n\t\t\t\t<div class=\"elementor-widget-container\">\n\t\t\t\t\t<h2 class=\"elementor-heading-title elementor-size-default\">sus datos seguros<\/h2>\t\t\t\t<\/div>\n\t\t\t\t<\/div>\n\t\t\t\t<div class=\"elementor-element elementor-element-ff7369f cmsmasters-block-default cmsmasters-sticky-default elementor-widget elementor-widget-text-editor\" data-id=\"ff7369f\" data-element_type=\"widget\" data-e-type=\"widget\" data-widget_type=\"text-editor.default\">\n\t\t\t\t<div class=\"elementor-widget-container\">\n\t\t\t\t\t\t\t\t\t<p style=\"text-align: justify;\"><strong>Informaci\u00f3n en cumplimiento de la normativa de protecci\u00f3n de datos personales.<\/strong><\/p><p style=\"text-align: justify;\">En Europa y en Espa\u00f1a existen normas de protecci\u00f3n de datos pensadas para proteger su informaci\u00f3n personal de obligado cumplimiento para nuestra entidad.<\/p><p style=\"text-align: justify;\">Por ello, es muy importante para nosotros que entienda perfectamente qu\u00e9 vamos a hacer con los datos personales que le pedimos.<\/p><p style=\"text-align: justify;\">As\u00ed, seremos transparentes y le daremos el control de sus datos, con un lenguaje sencillo y opciones claras que le permitir\u00e1n decidir qu\u00e9 haremos con su informaci\u00f3n personal.<\/p><p style=\"text-align: justify;\">Por favor, si una vez le\u00edda la presente informaci\u00f3n le queda alguna duda, no dude en preguntarnos.<\/p><p style=\"text-align: justify;\">Muchas gracias por su colaboraci\u00f3n.<\/p><ul><li><strong>\u00bf<\/strong><strong>Qui\u00e9nes somos?<\/strong><ul><li style=\"text-align: justify;\">Nuestra denominaci\u00f3n: <strong>LUCENTUM DIGITAL S.L.<\/strong><\/li><li style=\"text-align: justify;\">Nuestro CIF \/ NIF: <strong>B54270590<\/strong><\/li><li style=\"text-align: justify;\">Nuestra actividad principal:<strong> Estudio de grabaci\u00f3n y productora audiovisual<\/strong><\/li><li style=\"text-align: justify;\">Nuestra direcci\u00f3n: <strong>C\/ ROSELL\u00d3, 18 LOCAL, CP 03010, ALICANTE (Alicante)<\/strong><\/li><li style=\"text-align: justify;\">Nuestro tel\u00e9fono de contacto: <strong>966141800<\/strong><\/li><li style=\"text-align: justify;\">Nuestra direcci\u00f3n de correo electr\u00f3nico de contacto: <strong>cursos@escueladoblajealicante.com<\/strong><\/li><li style=\"text-align: justify;\">Nuestra p\u00e1gina web: <strong>www.lucentumdigital.com<\/strong><\/li><li style=\"text-align: justify;\">Para su confianza y seguridad, le informamos que somos una entidad inscrita en el siguiente Registro Mercantil \/Registro P\u00fablico: <strong>#ref<\/strong><\/li><\/ul><\/li><\/ul><p style=\"text-align: justify;\">Estamos a su disposici\u00f3n, no dude en contactar con nosotros.<\/p><ul><li><strong>\u00bfPara qu\u00e9 vamos a usar sus datos?<\/strong><\/li><\/ul><p style=\"text-align: justify;\">Con car\u00e1cter general, sus datos personales ser\u00e1n usados para poder relacionarnos con usted y poder prestarle nuestros servicios.<\/p><p style=\"text-align: justify;\">Asimismo, tambi\u00e9n pueden ser usados para otras actividades, como enviarle publicidad o promocionar nuestras actividades.<\/p><ul><li><strong>\u00bfPor qu\u00e9 necesitamos usar sus datos?<\/strong><\/li><\/ul><p style=\"text-align: justify;\">Sus datos personales son necesarios para poder relacionarnos con usted y poder prestarle nuestros servicios. En este sentido, pondremos a su disposici\u00f3n una serie de casillas que le permitir\u00e1n decidir de manera clara y sencilla sobre el uso de su informaci\u00f3n personal.<\/p><ul><li><strong>\u00bfQui\u00e9n va a conocer la informaci\u00f3n que le pedimos?<\/strong><\/li><\/ul><p style=\"text-align: justify;\">Con car\u00e1cter general, s\u00f3lo el personal de nuestra entidad que est\u00e9 debidamente autorizado podr\u00e1 tener conocimiento de la informaci\u00f3n que le pedimos.<\/p><p style=\"text-align: justify;\">De igual modo, podr\u00e1n tener conocimiento de su informaci\u00f3n personal aquellas entidades que necesiten tener acceso a la misma para que podamos prestarle nuestros servicios. As\u00ed por ejemplo, nuestro banco conocer\u00e1 sus datos si el pago de nuestros servicios se realiza mediante tarjeta o transferencia bancaria.<\/p><p style=\"text-align: justify;\">Asimismo, tendr\u00e1n conocimiento de su informaci\u00f3n aquellas entidades p\u00fablicas o privadas a las cuales estemos obligados a facilitar sus datos personales con motivo del cumplimiento de alguna ley. Poni\u00e9ndole un ejemplo, la Ley Tributaria obliga a facilitar a la Agencia Tributaria determinada informaci\u00f3n sobre operaciones econ\u00f3micas que superen una determinada cantidad.<\/p><p style=\"text-align: justify;\">En el caso de que, al margen de los supuestos comentados, necesitemos dar a conocer su informaci\u00f3n personal a otras entidades, le solicitaremos previamente su permiso a trav\u00e9s de opciones claras que le permitir\u00e1n decidir a este respecto.<\/p><ul><li><strong>\u00bfC\u00f3mo vamos a proteger sus datos?<\/strong><\/li><\/ul><p style=\"text-align: justify;\">Protegeremos sus datos con medidas de seguridad eficaces en funci\u00f3n de los riesgos que conlleve el uso de su informaci\u00f3n.<\/p><p style=\"text-align: justify;\">Para ello, nuestra entidad ha aprobado una Pol\u00edtica de Protecci\u00f3n de Datos y se realizan controles y auditor\u00edas anuales para verificar que sus datos personales est\u00e1n seguros en todo momento.<\/p><ul><li><strong>\u00bfEnviaremos sus datos a otros pa\u00edses?<\/strong><\/li><\/ul><p style=\"text-align: justify;\">En el mundo hay pa\u00edses que son seguros para sus datos y otros que no lo son tanto. As\u00ed por ejemplo, la Uni\u00f3n Europea es un entorno seguro para sus datos. Nuestra pol\u00edtica es no enviar su informaci\u00f3n personal a ning\u00fan pa\u00eds que no sea seguro desde el punto de vista de la protecci\u00f3n de sus datos.<\/p><p style=\"text-align: justify;\">En el caso de que, con motivo de prestarle el servicio, sea imprescindible enviar sus datos a un pa\u00eds que no sea tan seguro como Espa\u00f1a, siempre le solicitaremos previamente su permiso y aplicaremos medidas de seguridad eficaces que reduzcan los riesgos del env\u00edo de su informaci\u00f3n personal a otro pa\u00eds.<\/p><ul><li><strong>\u00bfDurante cu\u00e1nto tiempo vamos a conservar sus datos?<\/strong><\/li><\/ul><p style=\"text-align: justify;\">Conservaremos sus datos durante nuestra relaci\u00f3n y mientras nos obliguen las leyes. Una vez finalizados los plazos legales aplicables, procederemos a eliminarlos de forma segura y respetuosa con el medio ambiente.<\/p><ul><li><strong>\u00bfCu\u00e1les son sus derechos de protecci\u00f3n de datos?<\/strong><\/li><\/ul><p style=\"text-align: justify;\">En cualquier momento puede dirigirse a nosotros para saber qu\u00e9 informaci\u00f3n tenemos sobre usted, rectificarla si fuese incorrecta y eliminarla una vez finalizada nuestra relaci\u00f3n, en el caso de que ello sea legalmente posible.<\/p><p style=\"text-align: justify;\">Tambi\u00e9n tiene derecho a solicitar el traspaso de su informaci\u00f3n a otra entidad. Este derecho se llama \u201cportabilidad\u201d y puede ser \u00fatil en determinadas situaciones.<\/p><p style=\"text-align: justify;\">Para solicitar alguno de estos derechos, deber\u00e1 realizar una solicitud escrita a nuestra direcci\u00f3n, junto con una fotocopia de su DNI, para poder identificarle.<\/p><p style=\"text-align: justify;\">En las oficinas de nuestra entidad disponemos de formularios espec\u00edficos para solicitar dichos derechos y le ofrecemos nuestra ayuda para su cumplimentaci\u00f3n.<\/p><p style=\"text-align: justify;\">Para saber m\u00e1s sobre sus derechos de protecci\u00f3n de datos, puede consultar la p\u00e1gina web de la Agencia Espa\u00f1ola de Protecci\u00f3n de Datos (<a href=\"http:\/\/www.agpd.es\">www.agpd.es<\/a>).<\/p><ul><li><strong>\u00bfPuede retirar su consentimiento si cambia de opini\u00f3n en un momento posterior?<\/strong><\/li><\/ul><p style=\"text-align: justify;\">Usted puede retirar su consentimiento si cambia de opini\u00f3n sobre el uso de sus datos en cualquier momento.<\/p><p style=\"text-align: justify;\">As\u00ed por ejemplo, si usted en su d\u00eda estuvo interesado\/a en recibir publicidad de nuestros productos o servicios, pero ya no desea recibir m\u00e1s publicidad, puede hac\u00e9rnoslo constar a trav\u00e9s del formulario de oposici\u00f3n al tratamiento disponible en las oficinas de nuestra entidad.<\/p><ul><li><strong>En caso de que entienda que sus derechos han sido desatendidos, \u00bfd\u00f3nde puede formular una reclamaci\u00f3n?<\/strong><\/li><\/ul><p style=\"text-align: justify;\">En caso de que entienda que sus derechos han sido desatendidos por nuestra entidad, puede formular una reclamaci\u00f3n en la Agencia Espa\u00f1ola de Protecci\u00f3n de Datos, a trav\u00e9s de alguno de los medios siguientes:<\/p><ul><li>Sede electr\u00f3nica: www.agpd.es<\/li><li>Direcci\u00f3n postal:<\/li><\/ul><p style=\"padding-left: 90px;\">Agencia Espa\u00f1ola de Protecci\u00f3n de Datos<br \/>C\/ Jorge Juan, 6<br \/>28001-Madrid<\/p><ul><li>V\u00eda telef\u00f3nica:<\/li><\/ul><p style=\"padding-left: 90px;\">Telf. 901 100 099<\/p><p style=\"padding-left: 90px;\">Telf. 91 266 35 17<\/p><p style=\"text-align: justify;\">Formular una reclamaci\u00f3n en la Agencia Espa\u00f1ola de Protecci\u00f3n de Datos no conlleva ning\u00fan coste y no es necesaria la asistencia de abogado ni procurador.<\/p><ul><li><strong>\u00bfElaboraremos perfiles sobre usted?<\/strong><\/li><\/ul><p style=\"text-align: justify;\">Nuestra pol\u00edtica es no elaborar perfiles sobre los usuarios de nuestros servicios.<\/p><p style=\"text-align: justify;\">No obstante, pueden existir situaciones en las que, con fines de prestaci\u00f3n del servicio, comerciales o de otro tipo, necesitemos elaborar perfiles de informaci\u00f3n sobre usted. Un ejemplo pudiera ser la utilizaci\u00f3n de su historial de compras o servicios para poder ofrecerle productos o servicios adaptados a sus gustos o necesidades.<\/p><p style=\"text-align: justify;\">En tal caso, aplicaremos medidas de seguridad eficaces que protejan su informaci\u00f3n en todo momento de personas no autorizadas que pretendan utilizarla en su propio beneficio.<\/p><p><strong>\u00a0<\/strong><\/p><ul><li><strong>\u00bfUsaremos sus datos para otros fines?<\/strong><\/li><\/ul><p style=\"text-align: justify;\">Nuestra pol\u00edtica es no usar sus datos para otras finalidades distintas a las que le hemos explicado. Si, no obstante, necesit\u00e1semos usar sus datos para actividades distintas, siempre le solicitaremos previamente su permiso a trav\u00e9s de opciones claras que le permitir\u00e1n decidir al respecto.<\/p>\t\t\t\t\t\t\t\t<\/div>\n\t\t\t\t<\/div>\n\t\t\t\t\t<\/div>\n\t\t\t\t<\/div>\n\t\t\t\t<\/div>","protected":false},"excerpt":{"rendered":"<p>sus datos seguros Informaci\u00f3n en cumplimiento de la normativa de protecci\u00f3n de datos personales. En Europa y en Espa\u00f1a existen normas de protecci\u00f3n de datos pensadas para proteger su informaci\u00f3n&#8230;<\/p>","protected":false},"author":1,"featured_media":0,"parent":0,"menu_order":0,"comment_status":"closed","ping_status":"closed","template":"","meta":{"_acf_changed":false,"inline_featured_image":false,"footnotes":""},"class_list":["post-978","page","type-page","status-publish","hentry"],"acf":[],"_links":{"self":[{"href":"https:\/\/www.escueladoblajealicante.com\/en\/wp-json\/wp\/v2\/pages\/978","targetHints":{"allow":["GET"]}}],"collection":[{"href":"https:\/\/www.escueladoblajealicante.com\/en\/wp-json\/wp\/v2\/pages"}],"about":[{"href":"https:\/\/www.escueladoblajealicante.com\/en\/wp-json\/wp\/v2\/types\/page"}],"author":[{"embeddable":true,"href":"https:\/\/www.escueladoblajealicante.com\/en\/wp-json\/wp\/v2\/users\/1"}],"replies":[{"embeddable":true,"href":"https:\/\/www.escueladoblajealicante.com\/en\/wp-json\/wp\/v2\/comments?post=978"}],"version-history":[{"count":7,"href":"https:\/\/www.escueladoblajealicante.com\/en\/wp-json\/wp\/v2\/pages\/978\/revisions"}],"predecessor-version":[{"id":1024,"href":"https:\/\/www.escueladoblajealicante.com\/en\/wp-json\/wp\/v2\/pages\/978\/revisions\/1024"}],"wp:attachment":[{"href":"https:\/\/www.escueladoblajealicante.com\/en\/wp-json\/wp\/v2\/media?parent=978"}],"curies":[{"name":"wp","href":"https:\/\/api.w.org\/{rel}","templated":true}]}}