{"id":854,"date":"2024-06-12T10:49:27","date_gmt":"2024-06-12T10:49:27","guid":{"rendered":"https:\/\/sandbox.escueladoblajealicante.com\/?page_id=854"},"modified":"2024-06-12T14:59:10","modified_gmt":"2024-06-12T14:59:10","slug":"contacto","status":"publish","type":"page","link":"https:\/\/www.escueladoblajealicante.com\/en\/contacto\/","title":{"rendered":"CONTACTO"},"content":{"rendered":"\t\t<div data-elementor-type=\"wp-page\" data-elementor-id=\"854\" class=\"elementor elementor-854\">\n\t\t\t\t<div class=\"elementor-element elementor-element-c6891d1 e-con-full e-flex cmsmasters-block-default e-con e-parent\" data-id=\"c6891d1\" data-element_type=\"container\" data-e-type=\"container\">\n\t\t\t\t<div class=\"elementor-element elementor-element-6ab3271 cmsmasters-block-default cmsmasters-sticky-default elementor-widget elementor-widget-google_maps\" data-id=\"6ab3271\" data-element_type=\"widget\" data-e-type=\"widget\" data-widget_type=\"google_maps.default\">\n\t\t\t\t<div class=\"elementor-widget-container\">\n\t\t\t\t\t\t\t<div class=\"elementor-custom-embed\">\n\t\t\t<iframe loading=\"lazy\"\n\t\t\t\t\tsrc=\"https:\/\/maps.google.com\/maps?q=Escuela%20de%20doblaje%20de%20Alicante%20EDA&#038;t=m&#038;z=15&#038;output=embed&#038;iwloc=near\"\n\t\t\t\t\ttitle=\"Escuela de doblaje de Alicante EDA\"\n\t\t\t\t\taria-label=\"Escuela de doblaje de Alicante EDA\"\n\t\t\t><\/iframe>\n\t\t<\/div>\n\t\t\t\t\t\t<\/div>\n\t\t\t\t<\/div>\n\t\t\t\t<div class=\"elementor-element elementor-element-1e7b86a cmsmasters-block-default cmsmasters-sticky-default elementor-widget elementor-widget-spacer\" data-id=\"1e7b86a\" data-element_type=\"widget\" data-e-type=\"widget\" data-widget_type=\"spacer.default\">\n\t\t\t\t<div class=\"elementor-widget-container\">\n\t\t\t\t\t\t\t<div class=\"elementor-spacer\">\n\t\t\t<div class=\"elementor-spacer-inner\"><\/div>\n\t\t<\/div>\n\t\t\t\t\t\t<\/div>\n\t\t\t\t<\/div>\n\t\t\t\t<\/div>\n\t\t<div class=\"elementor-element elementor-element-6c5ba29 e-flex e-con-boxed cmsmasters-block-default e-con e-parent\" data-id=\"6c5ba29\" data-element_type=\"container\" data-e-type=\"container\">\n\t\t\t\t\t<div class=\"e-con-inner\">\n\t\t\t\t<div class=\"elementor-element elementor-element-19e201f cmsmasters-block-default cmsmasters-sticky-default elementor-widget elementor-widget-heading\" data-id=\"19e201f\" data-element_type=\"widget\" data-e-type=\"widget\" data-widget_type=\"heading.default\">\n\t\t\t\t<div class=\"elementor-widget-container\">\n\t\t\t\t\t<h2 class=\"elementor-heading-title elementor-size-default\">Nos tienes m\u00e1s cerca de lo que imaginas<\/h2>\t\t\t\t<\/div>\n\t\t\t\t<\/div>\n\t\t\t\t<div class=\"elementor-element elementor-element-bed5b4d cmsmasters-block-default cmsmasters-sticky-default elementor-widget elementor-widget-spacer\" data-id=\"bed5b4d\" data-element_type=\"widget\" data-e-type=\"widget\" data-widget_type=\"spacer.default\">\n\t\t\t\t<div class=\"elementor-widget-container\">\n\t\t\t\t\t\t\t<div class=\"elementor-spacer\">\n\t\t\t<div class=\"elementor-spacer-inner\"><\/div>\n\t\t<\/div>\n\t\t\t\t\t\t<\/div>\n\t\t\t\t<\/div>\n\t\t\t\t\t<\/div>\n\t\t\t\t<\/div>\n\t\t<div class=\"elementor-element elementor-element-78bf838 e-flex e-con-boxed cmsmasters-block-default e-con e-parent\" data-id=\"78bf838\" data-element_type=\"container\" data-e-type=\"container\">\n\t\t\t\t\t<div class=\"e-con-inner\">\n\t\t<div class=\"elementor-element elementor-element-03e8aff e-con-full e-flex cmsmasters-block-default e-con e-child\" data-id=\"03e8aff\" data-element_type=\"container\" data-e-type=\"container\">\n\t\t\t\t<div class=\"elementor-element elementor-element-f88f777 cmsmasters-featured-box__graphic-position-row cmsmasters-featured-box__graphic-position-v-middle cmsmasters-featured-box__graphic-align-center cmsmasters-featured-box__graphic-position-tablet-column cmsmasters-featured-box__graphic-position-mobile-column cmsmasters-featured-box__text-valign-middle cmsmasters-block-default cmsmasters-sticky-default elementor-widget elementor-widget-cmsmasters-featured-box\" data-id=\"f88f777\" data-element_type=\"widget\" data-e-type=\"widget\" data-widget_type=\"cmsmasters-featured-box.default\">\n\t\t\t\t<div class=\"elementor-widget-container\">\n\t\t\t\t\t<div class=\"elementor-widget-cmsmasters-featured-box__wrapper\"><div class=\"elementor-widget-cmsmasters-featured-box__content\">\n\t\t\t\t<div class=\"elementor-widget-cmsmasters-featured-box__content-vertical-inner\"><div class=\"elementor-widget-cmsmasters-featured-box__graphic-wrapper elementor-widget-cmsmasters-featured-box__content-item elementor-widget-cmsmasters-featured-box__icon\"><h6 class=\"elementor-widget-cmsmasters-featured-box__title elementor-widget-cmsmasters-featured-box__content-item\">Tel\u00e9fono<\/h6><div class=\"elementor-widget-cmsmasters-featured-box__icon-wrap elementor-widget-cmsmasters-featured-box__graphic-item\"><svg class=\"e-font-icon-svg e-fas-phone-alt\" viewBox=\"0 0 512 512\" xmlns=\"http:\/\/www.w3.org\/2000\/svg\"><path d=\"M497.39 361.8l-112-48a24 24 0 0 0-28 6.9l-49.6 60.6A370.66 370.66 0 0 1 130.6 204.11l60.6-49.6a23.94 23.94 0 0 0 6.9-28l-48-112A24.16 24.16 0 0 0 122.6.61l-104 24A24 24 0 0 0 0 48c0 256.5 207.9 464 464 464a24 24 0 0 0 23.4-18.6l24-104a24.29 24.29 0 0 0-14.01-27.6z\"><\/path><\/svg><\/div><\/div><div class=\"elementor-widget-cmsmasters-featured-box__type-wrap elementor-widget-cmsmasters-featured-box__content-item\"><h6 class=\"elementor-widget-cmsmasters-featured-box__title elementor-widget-cmsmasters-featured-box__content-item\">Tel\u00e9fono<\/h6><div class=\"elementor-widget-cmsmasters-featured-box__description elementor-widget-cmsmasters-featured-box__content-item\">966 141 800<\/div><\/div>\n\t\t\t\t<\/div>\n\t\t\t<\/div>\n\t\t<\/div>\t\t\t\t<\/div>\n\t\t\t\t<\/div>\n\t\t\t\t<div class=\"elementor-element elementor-element-6410961 cmsmasters-featured-box__graphic-position-row cmsmasters-featured-box__graphic-position-v-middle cmsmasters-featured-box__graphic-align-center cmsmasters-featured-box__graphic-position-tablet-column cmsmasters-featured-box__graphic-position-mobile-column cmsmasters-featured-box__text-valign-middle cmsmasters-block-default cmsmasters-sticky-default elementor-widget elementor-widget-cmsmasters-featured-box\" data-id=\"6410961\" data-element_type=\"widget\" data-e-type=\"widget\" data-widget_type=\"cmsmasters-featured-box.default\">\n\t\t\t\t<div class=\"elementor-widget-container\">\n\t\t\t\t\t<div class=\"elementor-widget-cmsmasters-featured-box__wrapper\"><div class=\"elementor-widget-cmsmasters-featured-box__content\">\n\t\t\t\t<div class=\"elementor-widget-cmsmasters-featured-box__content-vertical-inner\"><div class=\"elementor-widget-cmsmasters-featured-box__graphic-wrapper elementor-widget-cmsmasters-featured-box__content-item elementor-widget-cmsmasters-featured-box__icon\"><h6 class=\"elementor-widget-cmsmasters-featured-box__title elementor-widget-cmsmasters-featured-box__content-item\">Whatsapp<\/h6><div class=\"elementor-widget-cmsmasters-featured-box__icon-wrap elementor-widget-cmsmasters-featured-box__graphic-item\"><svg class=\"e-font-icon-svg e-fab-whatsapp\" viewBox=\"0 0 448 512\" xmlns=\"http:\/\/www.w3.org\/2000\/svg\"><path d=\"M380.9 97.1C339 55.1 283.2 32 223.9 32c-122.4 0-222 99.6-222 222 0 39.1 10.2 77.3 29.6 111L0 480l117.7-30.9c32.4 17.7 68.9 27 106.1 27h.1c122.3 0 224.1-99.6 224.1-222 0-59.3-25.2-115-67.1-157zm-157 341.6c-33.2 0-65.7-8.9-94-25.7l-6.7-4-69.8 18.3L72 359.2l-4.4-7c-18.5-29.4-28.2-63.3-28.2-98.2 0-101.7 82.8-184.5 184.6-184.5 49.3 0 95.6 19.2 130.4 54.1 34.8 34.9 56.2 81.2 56.1 130.5 0 101.8-84.9 184.6-186.6 184.6zm101.2-138.2c-5.5-2.8-32.8-16.2-37.9-18-5.1-1.9-8.8-2.8-12.5 2.8-3.7 5.6-14.3 18-17.6 21.8-3.2 3.7-6.5 4.2-12 1.4-32.6-16.3-54-29.1-75.5-66-5.7-9.8 5.7-9.1 16.3-30.3 1.8-3.7.9-6.9-.5-9.7-1.4-2.8-12.5-30.1-17.1-41.2-4.5-10.8-9.1-9.3-12.5-9.5-3.2-.2-6.9-.2-10.6-.2-3.7 0-9.7 1.4-14.8 6.9-5.1 5.6-19.4 19-19.4 46.3 0 27.3 19.9 53.7 22.6 57.4 2.8 3.7 39.1 59.7 94.8 83.8 35.2 15.2 49 16.5 66.6 13.9 10.7-1.6 32.8-13.4 37.4-26.4 4.6-13 4.6-24.1 3.2-26.4-1.3-2.5-5-3.9-10.5-6.6z\"><\/path><\/svg><\/div><\/div><div class=\"elementor-widget-cmsmasters-featured-box__type-wrap elementor-widget-cmsmasters-featured-box__content-item\"><h6 class=\"elementor-widget-cmsmasters-featured-box__title elementor-widget-cmsmasters-featured-box__content-item\">Whatsapp<\/h6><div class=\"elementor-widget-cmsmasters-featured-box__description elementor-widget-cmsmasters-featured-box__content-item\">644 450 640<\/div><\/div>\n\t\t\t\t<\/div>\n\t\t\t<\/div>\n\t\t<\/div>\t\t\t\t<\/div>\n\t\t\t\t<\/div>\n\t\t\t\t<div class=\"elementor-element elementor-element-57fe62d cmsmasters-featured-box__graphic-position-row cmsmasters-featured-box__graphic-position-v-middle cmsmasters-featured-box__graphic-align-center cmsmasters-featured-box__graphic-position-tablet-column cmsmasters-featured-box__graphic-position-mobile-column cmsmasters-featured-box__text-valign-middle cmsmasters-block-default cmsmasters-sticky-default elementor-widget elementor-widget-cmsmasters-featured-box\" data-id=\"57fe62d\" data-element_type=\"widget\" data-e-type=\"widget\" data-widget_type=\"cmsmasters-featured-box.default\">\n\t\t\t\t<div class=\"elementor-widget-container\">\n\t\t\t\t\t<div class=\"elementor-widget-cmsmasters-featured-box__wrapper\"><div class=\"elementor-widget-cmsmasters-featured-box__content\">\n\t\t\t\t<div class=\"elementor-widget-cmsmasters-featured-box__content-vertical-inner\"><div class=\"elementor-widget-cmsmasters-featured-box__graphic-wrapper elementor-widget-cmsmasters-featured-box__content-item elementor-widget-cmsmasters-featured-box__icon\"><h6 class=\"elementor-widget-cmsmasters-featured-box__title elementor-widget-cmsmasters-featured-box__content-item\">E-mail<\/h6><div class=\"elementor-widget-cmsmasters-featured-box__icon-wrap elementor-widget-cmsmasters-featured-box__graphic-item\"><svg class=\"e-font-icon-svg e-far-envelope\" viewBox=\"0 0 512 512\" xmlns=\"http:\/\/www.w3.org\/2000\/svg\"><path d=\"M464 64H48C21.49 64 0 85.49 0 112v288c0 26.51 21.49 48 48 48h416c26.51 0 48-21.49 48-48V112c0-26.51-21.49-48-48-48zm0 48v40.805c-22.422 18.259-58.168 46.651-134.587 106.49-16.841 13.247-50.201 45.072-73.413 44.701-23.208.375-56.579-31.459-73.413-44.701C106.18 199.465 70.425 171.067 48 152.805V112h416zM48 400V214.398c22.914 18.251 55.409 43.862 104.938 82.646 21.857 17.205 60.134 55.186 103.062 54.955 42.717.231 80.509-37.199 103.053-54.947 49.528-38.783 82.032-64.401 104.947-82.653V400H48z\"><\/path><\/svg><\/div><\/div><div class=\"elementor-widget-cmsmasters-featured-box__type-wrap elementor-widget-cmsmasters-featured-box__content-item\"><h6 class=\"elementor-widget-cmsmasters-featured-box__title elementor-widget-cmsmasters-featured-box__content-item\">E-mail<\/h6><div class=\"elementor-widget-cmsmasters-featured-box__description elementor-widget-cmsmasters-featured-box__content-item\">cursos@escueladoblajealicante.com<\/div><\/div>\n\t\t\t\t<\/div>\n\t\t\t<\/div>\n\t\t<\/div>\t\t\t\t<\/div>\n\t\t\t\t<\/div>\n\t\t\t\t<div class=\"elementor-element elementor-element-d7725da cmsmasters-featured-box__graphic-position-row cmsmasters-featured-box__graphic-position-v-middle cmsmasters-featured-box__graphic-align-center cmsmasters-featured-box__graphic-position-tablet-column cmsmasters-featured-box__graphic-position-mobile-column cmsmasters-featured-box__text-valign-middle cmsmasters-block-default cmsmasters-sticky-default elementor-widget elementor-widget-cmsmasters-featured-box\" data-id=\"d7725da\" data-element_type=\"widget\" data-e-type=\"widget\" data-widget_type=\"cmsmasters-featured-box.default\">\n\t\t\t\t<div class=\"elementor-widget-container\">\n\t\t\t\t\t<div class=\"elementor-widget-cmsmasters-featured-box__wrapper\"><div class=\"elementor-widget-cmsmasters-featured-box__content\">\n\t\t\t\t<div class=\"elementor-widget-cmsmasters-featured-box__content-vertical-inner\"><div class=\"elementor-widget-cmsmasters-featured-box__graphic-wrapper elementor-widget-cmsmasters-featured-box__content-item elementor-widget-cmsmasters-featured-box__icon\"><h6 class=\"elementor-widget-cmsmasters-featured-box__title elementor-widget-cmsmasters-featured-box__content-item\">Direcci\u00f3n<\/h6><div class=\"elementor-widget-cmsmasters-featured-box__icon-wrap elementor-widget-cmsmasters-featured-box__graphic-item\"><i class=\"cmsmsdemo-icon- cmsms-demo-icon-map-pin\"><\/i><\/div><\/div><div class=\"elementor-widget-cmsmasters-featured-box__type-wrap elementor-widget-cmsmasters-featured-box__content-item\"><h6 class=\"elementor-widget-cmsmasters-featured-box__title elementor-widget-cmsmasters-featured-box__content-item\">Direcci\u00f3n<\/h6><div class=\"elementor-widget-cmsmasters-featured-box__description elementor-widget-cmsmasters-featured-box__content-item\">C\/ Rosell\u00f3, 18<br>\nAlicante \u2013 03010\nEspa\u00f1a<\/div><\/div>\n\t\t\t\t<\/div>\n\t\t\t<\/div>\n\t\t<\/div>\t\t\t\t<\/div>\n\t\t\t\t<\/div>\n\t\t\t\t<\/div>\n\t\t<div class=\"elementor-element elementor-element-0b4a48e e-con-full e-flex cmsmasters-block-default e-con e-child\" data-id=\"0b4a48e\" data-element_type=\"container\" data-e-type=\"container\">\n\t\t\t\t<div class=\"elementor-element elementor-element-8547d7c cmsmasters-block-default cmsmasters-sticky-default elementor-widget elementor-widget-text-editor\" data-id=\"8547d7c\" data-element_type=\"widget\" data-e-type=\"widget\" data-widget_type=\"text-editor.default\">\n\t\t\t\t<div class=\"elementor-widget-container\">\n\t\t\t\t\t\t\t\t\t<p>\n<div class=\"wpcf7 no-js\" id=\"wpcf7-f787-o1\" lang=\"es-ES\" dir=\"ltr\" data-wpcf7-id=\"787\">\n<div class=\"screen-reader-response\"><p role=\"status\" aria-live=\"polite\" aria-atomic=\"true\"><\/p> <ul><\/ul><\/div>\n<form action=\"\/en\/wp-json\/wp\/v2\/pages\/854#wpcf7-f787-o1\" method=\"post\" class=\"wpcf7-form init\" aria-label=\"Formulario de contacto\" novalidate=\"novalidate\" data-status=\"init\">\n<fieldset class=\"hidden-fields-container\"><input type=\"hidden\" name=\"_wpcf7\" value=\"787\" \/><input type=\"hidden\" name=\"_wpcf7_version\" value=\"6.1.5\" \/><input type=\"hidden\" name=\"_wpcf7_locale\" value=\"es_ES\" \/><input type=\"hidden\" name=\"_wpcf7_unit_tag\" value=\"wpcf7-f787-o1\" \/><input type=\"hidden\" name=\"_wpcf7_container_post\" value=\"0\" \/><input type=\"hidden\" name=\"_wpcf7_posted_data_hash\" value=\"\" \/><input type=\"hidden\" name=\"_wpcf7_recaptcha_response\" value=\"\" \/>\n<\/fieldset>\n<p><br \/>\n<label>Est\u00e1s interesado\/a en:<br \/>\n<input name=\"mc4wp-INTERESTS[9af130ba1e][]\" type=\"checkbox\" value=\"Doblaje\" \/> <span>Doblaje<\/span> <input name=\"mc4wp-INTERESTS[9af130ba1e][]\" type=\"checkbox\" value=\"Locuci\u00f3n\" \/> <span>Locuci\u00f3n<\/span> <input name=\"mc4wp-INTERESTS[9af130ba1e][]\" type=\"checkbox\" value=\"Interpretaci\u00f3n\" \/> <span>Interpretaci\u00f3n<\/span><br \/>\n<\/label>\n<\/p>\n<p><br \/>\n<label> Nombre (obligatorio)<br \/>\n<span class=\"wpcf7-form-control-wrap\" data-name=\"mc4wp-FNAME\"><input size=\"40\" maxlength=\"400\" class=\"wpcf7-form-control wpcf7-text wpcf7-validates-as-required\" aria-required=\"true\" aria-invalid=\"false\" value=\"\" type=\"text\" name=\"mc4wp-FNAME\" \/><\/span> <\/label>\n<\/p>\n<p><label> Apellidos (obligatorio)<br \/>\n<span class=\"wpcf7-form-control-wrap\" data-name=\"mc4wp-LNAME\"><input size=\"40\" maxlength=\"400\" class=\"wpcf7-form-control wpcf7-text wpcf7-validates-as-required\" aria-required=\"true\" aria-invalid=\"false\" value=\"\" type=\"text\" name=\"mc4wp-LNAME\" \/><\/span> <\/label>\n<\/p>\n<p><label> Email (obligatorio)<br \/>\n<span class=\"wpcf7-form-control-wrap\" data-name=\"mc4wp-EMAIL\"><input size=\"40\" maxlength=\"400\" class=\"wpcf7-form-control wpcf7-email wpcf7-validates-as-required wpcf7-text wpcf7-validates-as-email\" aria-required=\"true\" aria-invalid=\"false\" value=\"\" type=\"email\" name=\"mc4wp-EMAIL\" \/><\/span> <\/label>\n<\/p>\n<p><label> Tel\u00e9fono (obligatorio)<br \/>\n<span class=\"wpcf7-form-control-wrap\" data-name=\"mc4wp-TELF\"><input size=\"40\" maxlength=\"400\" class=\"wpcf7-form-control wpcf7-text wpcf7-validates-as-required\" aria-required=\"true\" aria-invalid=\"false\" value=\"\" type=\"text\" name=\"mc4wp-TELF\" \/><\/span> <\/label>\n<\/p>\n<p><label> Fecha de nacimiento (obligatorio)<br \/>\n<span class=\"wpcf7-form-control-wrap\" data-name=\"mc4wp-FNACIM\"><input class=\"wpcf7-form-control wpcf7-date wpcf7-validates-as-required wpcf7-validates-as-date\" aria-required=\"true\" aria-invalid=\"false\" value=\"\" type=\"date\" name=\"mc4wp-FNACIM\" \/><\/span> <\/label>\n<\/p>\n<p><br \/>\n<label>\u00bfC\u00f3mo nos conociste?<br \/>\n<input name=\"mc4wp-INTERESTS[ffe51c0e28][]\" type=\"checkbox\" value=\"Redes Sociales\" \/> <span>Redes Sociales<\/span> <input name=\"mc4wp-INTERESTS[ffe51c0e28][]\" type=\"checkbox\" value=\"Antiguo alumno\" \/> <span>Antiguo alumno<\/span> <input name=\"mc4wp-INTERESTS[ffe51c0e28][]\" type=\"checkbox\" value=\"Buscadores\" \/> <span>Buscadores<\/span> <input name=\"mc4wp-INTERESTS[ffe51c0e28][]\" type=\"checkbox\" value=\"Un conocido\" \/> <span>Un conocido<\/span> <input name=\"mc4wp-INTERESTS[ffe51c0e28][]\" type=\"checkbox\" value=\"Eventos\" \/> <span>Eventos<\/span> <input name=\"mc4wp-INTERESTS[ffe51c0e28][]\" type=\"checkbox\" value=\"Otros\" \/> <span>Otros<\/span><\/label>\n<\/p>\n<p><label> Asunto<br \/>\n<span class=\"wpcf7-form-control-wrap\" data-name=\"Asunto\"><input size=\"40\" maxlength=\"400\" class=\"wpcf7-form-control wpcf7-text wpcf7-validates-as-required\" aria-required=\"true\" aria-invalid=\"false\" value=\"\" type=\"text\" name=\"Asunto\" \/><\/span> <\/label>\n<\/p>\n<p><label> Cu\u00e9ntanos qu\u00e9 deseas saber:<br \/>\n<span class=\"wpcf7-form-control-wrap\" data-name=\"mensaje\"><textarea cols=\"40\" rows=\"10\" maxlength=\"2000\" class=\"wpcf7-form-control wpcf7-textarea wpcf7-validates-as-required\" aria-required=\"true\" aria-invalid=\"false\" name=\"mensaje\"><\/textarea><\/span> <\/label>\n<\/p>\n<p><br \/>\n<span class=\"wpcf7-form-control-wrap\" data-name=\"privacidad\"><span class=\"wpcf7-form-control wpcf7-acceptance\"><span class=\"wpcf7-list-item\"><label><input type=\"checkbox\" name=\"privacidad\" value=\"1\" aria-invalid=\"false\" \/><span class=\"wpcf7-list-item-label\">Consiento el uso de mis datos para los fines indicados en el apartado \u00abSus datos seguros\u00bb<\/span><\/label><\/span><\/span><\/span><br \/>\n<!-- Mailchimp for WordPress v4.12.2 - https:\/\/www.mc4wp.com\/ --><input type=\"hidden\" name=\"_mc4wp_subscribe_contact-form-7\" value=\"0\" \/><span class=\"mc4wp-checkbox mc4wp-checkbox-contact-form-7 \"><label><input type=\"checkbox\" name=\"_mc4wp_subscribe_contact-form-7\" value=\"1\" ><span>\u00a1Suscr\u00edbeme a la lista de correo!<\/span><\/label><\/span><!-- \/ Mailchimp for WordPress --> Me gustar\u00eda seguir informado de los cursos de EDA\n<\/p>\n\n<p><input class=\"wpcf7-form-control wpcf7-submit has-spinner\" type=\"submit\" value=\"ENVIAR\" \/>\n<\/p><div class=\"wpcf7-response-output\" aria-hidden=\"true\"><\/div>\n<\/form>\n<\/div>\n<\/p>\t\t\t\t\t\t\t\t<\/div>\n\t\t\t\t<\/div>\n\t\t\t\t<\/div>\n\t\t\t\t\t<\/div>\n\t\t\t\t<\/div>\n\t\t\t\t<\/div>\n\t\t","protected":false},"excerpt":{"rendered":"<p>Nos tienes m\u00e1s cerca de lo que imaginas Tel\u00e9fono Tel\u00e9fono 966 141 800 Whatsapp Whatsapp 644 450 640 E-mail E-mail cursos@escueladoblajealicante.com Direcci\u00f3n Direcci\u00f3n C\/ Rosell\u00f3, 18 Alicante \u2013 03010 Espa\u00f1a<\/p>","protected":false},"author":1,"featured_media":0,"parent":0,"menu_order":0,"comment_status":"closed","ping_status":"closed","template":"","meta":{"_acf_changed":false,"inline_featured_image":false,"footnotes":""},"class_list":["post-854","page","type-page","status-publish","hentry"],"acf":[],"_links":{"self":[{"href":"https:\/\/www.escueladoblajealicante.com\/en\/wp-json\/wp\/v2\/pages\/854","targetHints":{"allow":["GET"]}}],"collection":[{"href":"https:\/\/www.escueladoblajealicante.com\/en\/wp-json\/wp\/v2\/pages"}],"about":[{"href":"https:\/\/www.escueladoblajealicante.com\/en\/wp-json\/wp\/v2\/types\/page"}],"author":[{"embeddable":true,"href":"https:\/\/www.escueladoblajealicante.com\/en\/wp-json\/wp\/v2\/users\/1"}],"replies":[{"embeddable":true,"href":"https:\/\/www.escueladoblajealicante.com\/en\/wp-json\/wp\/v2\/comments?post=854"}],"version-history":[{"count":25,"href":"https:\/\/www.escueladoblajealicante.com\/en\/wp-json\/wp\/v2\/pages\/854\/revisions"}],"predecessor-version":[{"id":903,"href":"https:\/\/www.escueladoblajealicante.com\/en\/wp-json\/wp\/v2\/pages\/854\/revisions\/903"}],"wp:attachment":[{"href":"https:\/\/www.escueladoblajealicante.com\/en\/wp-json\/wp\/v2\/media?parent=854"}],"curies":[{"name":"wp","href":"https:\/\/api.w.org\/{rel}","templated":true}]}}